{"id":99043,"date":"2025-08-05T13:11:27","date_gmt":"2025-08-05T11:11:27","guid":{"rendered":"https:\/\/galicianparts.com\/shop\/producto\/5999454-polea-arbol-levas-m-1-6-2-0-biarbol-fiat-ritmo-regata-nueva-original\/"},"modified":"2026-03-15T13:37:00","modified_gmt":"2026-03-15T11:37:00","slug":"5999454-polea-arbol-levas-m-1-6-2-0-biarbol-fiat-ritmo-regata-nueva-original","status":"publish","type":"product","link":"https:\/\/galicianparts.com\/shop\/producto\/5999454-polea-arbol-levas-m-1-6-2-0-biarbol-fiat-ritmo-regata-nueva-original\/","title":{"rendered":"5999454 Polea \u00e1rbol levas M 1.6-2.0 biarbol Fiat Ritmo \/Regata NUEVA ORIGINAL"},"content":{"rendered":"<p>Pi\u00f1\u00f3n del \u00e1rbol de levas de la distribuci\u00f3n del motor de:<br \/>\nN\u00ba Dientes: 42<br \/>\nDi\u00e1metro: 126mm<br \/>\nDi\u00e1metro interior: 12.7mm<br \/>\nAncho: 29mm<\/p>\n<p>FIAT &#8211; RITMO 105 TC \/ 130 TC<br \/>\nFIAT &#8211; REGATA <\/p>\n<p>LA PIEZA ES NUEVA Y ORIGINAL.<\/p>\n","protected":false},"excerpt":{"rendered":"<p>Pi\u00f1\u00f3n del \u00e1rbol de levas de la distribuci\u00f3n del motor de: N\u00ba Dientes: 42 Di\u00e1metro: 126mm Di\u00e1metro interior: 12.7mm Ancho: 29mm FIAT &#8211; RITMO 105 TC \/ 130 TC FIAT &#8211; REGATA LA PIEZA ES NUEVA Y ORIGINAL.<\/p>\n","protected":false},"featured_media":99044,"template":"","meta":{"_seopress_robots_primary_cat":"","_seopress_titles_title":"","_seopress_titles_desc":"","_seopress_robots_index":""},"product_cat":[20,102,103],"product_tag":[],"class_list":{"0":"post-99043","1":"product","2":"type-product","3":"status-publish","4":"has-post-thumbnail","6":"product_cat-recambios-fiat","7":"product_cat-recambios-fiat-regata","8":"product_cat-recambios-fiat-ritmo","10":"first","11":"outofstock","12":"taxable","13":"shipping-taxable","14":"purchasable","15":"product-type-simple"},"_links":{"self":[{"href":"https:\/\/galicianparts.com\/shop\/wp-json\/wp\/v2\/product\/99043"}],"collection":[{"href":"https:\/\/galicianparts.com\/shop\/wp-json\/wp\/v2\/product"}],"about":[{"href":"https:\/\/galicianparts.com\/shop\/wp-json\/wp\/v2\/types\/product"}],"wp:featuredmedia":[{"embeddable":true,"href":"https:\/\/galicianparts.com\/shop\/wp-json\/wp\/v2\/media\/99044"}],"wp:attachment":[{"href":"https:\/\/galicianparts.com\/shop\/wp-json\/wp\/v2\/media?parent=99043"}],"wp:term":[{"taxonomy":"product_cat","embeddable":true,"href":"https:\/\/galicianparts.com\/shop\/wp-json\/wp\/v2\/product_cat?post=99043"},{"taxonomy":"product_tag","embeddable":true,"href":"https:\/\/galicianparts.com\/shop\/wp-json\/wp\/v2\/product_tag?post=99043"}],"curies":[{"name":"wp","href":"https:\/\/api.w.org\/{rel}","templated":true}]}}