{"id":99048,"date":"2025-08-05T13:24:54","date_gmt":"2025-08-05T11:24:54","guid":{"rendered":"https:\/\/galicianparts.com\/shop\/producto\/7724664-tapa-ciguenal-fiat-panda-punto-uno-seicento-lancia-y10-ypsilon-original\/"},"modified":"2025-10-13T11:19:09","modified_gmt":"2025-10-13T09:19:09","slug":"7724664-tapa-ciguenal-fiat-panda-punto-uno-seicento-lancia-y10-ypsilon-original","status":"publish","type":"product","link":"https:\/\/galicianparts.com\/shop\/producto\/7724664-tapa-ciguenal-fiat-panda-punto-uno-seicento-lancia-y10-ypsilon-original\/","title":{"rendered":"7724664 Tapa cig\u00fce\u00f1al Fiat Panda \/Punto \/Uno \/Seicento \/Lancia Y10 \/Ypsilon ORIGINAL"},"content":{"rendered":"<p>Tapa del c\u00e1rter, apoyo del ret\u00e9n del cig\u00fce\u00f1al del lado de la caja de cambios de:<br \/>\nFIAT &#8211; 1M BRAVA G.98 BZ\/DS (1998-2001) 1.2 16V CF2<br \/>\nFIAT &#8211; 1L BRAVO G.98 BZ\/DS (1998-2001) 1.2 16V CF2<br \/>\nFIAT &#8211; NM CINQUECENTO (1992-1998) 1108 SPI\u00bbW\u00bbCF2<br \/>\nFIAT &#8211; 2Q NUOVA PANDA (2003-2009) 1.1 8V \/ 1242 8V CF4  PETROL\/METHANE \/ 1.2 8V \/ 1242\u00a08V\u00a0CF5\u00a0GASOLINA\/GPL\u00a044KW\/60CV<br \/>\nFIAT &#8211; 1X PALIO 2V EXTRA EUROPA (1997-2002) 1242 MPI CF3 \/ 1242 MPI 8V EM.04 \/ ED(CSI)<br \/>\nFIAT &#8211; 1X PALIO 2V EXTRA EUROPA (1997-2002) 1242 MPI EM.04 \/ 1242 MPI 8V CF2 \/ 1242 MPI 8V EM.04 \/ AFRICA DEL SUR<br \/>\nFIAT &#8211; 1X PALIO 2V EXTRA EUROPA (1997-2002) 1108 CARB EM.04<br \/>\nFIAT &#8211; 2H PALIO 2V EXTRA EUROPA REST. 2002 (2002-2011) 1242 MPI 8V CF2 87RON<br \/>\nFIAT &#8211; 1Y PALIO WE EXTRA EUROPA (1997-2002) 1242 MPI CF3<br \/>\nFIAT &#8211; 1Y PALIO WE EXTRA EUROPA (1997-2002) 1242 MPI 8V CF2 \/ 1242 MPI 8V CF2 87RON<br \/>\nFIAT &#8211; PY PALIO\/WEEKEND EUROPA (1997-2002) 1242 SW CF2<br \/>\nFIAT &#8211; PY PALIO\/WEEKEND EUROPA (1997-2002) 1242 BN CF2 \/ 1.2 SW CF3<br \/>\nFIAT &#8211; 1S PANDA 4X2 MAQ 91 (1991-2003) 750 ACT CARB \/ 750 ACT CARB.DAV. \/ 1000 CARB. \/ 1000 CARB.DAV.<br \/>\nFIAT &#8211; 1S PANDA 4X2 MAQ 91 (1991-2003) 1000 SPI USA 83 WEBER \/ 1100 SPI USA 83 \/ 1000 SPI CF2 \/ 1100 SPI CF2 \/ 1100 MPI CF3 \/ 1000\u00a0SPI\u00a0USA\u00a083\u00a0BOSCH<br \/>\nFIAT &#8211; 1T PANDA 4X4 MAQ 91 (1991-2003)<br \/>\nFIAT &#8211; NV PUNTO 55-60-75-90 (1993-1997) 1.1 SPI 176A6000 \/ 1.1 SPI 176B2000<br \/>\nFIAT &#8211; NV PUNTO 55-60-75-90 (1993-1997) 1.2 SPI 176A7000 \/ 1.2 MPI \/ 1.2 SPI \u00abSELECTA \/ 1.2 SPI CF2 176B4000<br \/>\nFIAT &#8211; 1N PUNTO BZ (1999-2003) 1.2 8V CF2 \/ 1.2\u00a08V\u00a0CF3 \/ 1242 8V CF3 BZ\/MET<br \/>\nFIAT &#8211; 1A PUNTO BZ. GAMMA &#8217;97 (1997-1999) 1108 SPI CF2 \/ 1242 SPI \/ 1242 MPI 8V \/ 1108 SPI EM.04<br \/>\nFIAT &#8211; 1A PUNTO BZ. GAMMA &#8217;97 (1997-1999) 1242 MPI 16V<br \/>\nFIAT &#8211; PF PUNTO CABRIO (1994-1997) 1242 SPI USA&#8217;83 \/ 1242 SPI CF2<br \/>\nFIAT &#8211; 1C PUNTO CABRIO GAMMA&#8217;97 (1997-2000) 1242 SPI<br \/>\nFIAT &#8211; 1C PUNTO CABRIO GAMMA&#8217;97 (1997-2000) 1242 MPI 16V<br \/>\nFIAT &#8211; 2U PUNTO FL.&#8217;03 (2003-2010) 1242 8V \/ 1242 8V CF3 GASOLINA\/METANO \/ 1.2\u00a08V\u00a0CF4\u00a0GASOLINA\/GPL<br \/>\nFIAT &#8211; 1E SEICENTO (1998-2010) 1108 SPI \/ 1108 MPI<br \/>\nFIAT &#8211; 2A SIENA EXTRA EUROPA (1997-2002) 1242 MPI CF3<br \/>\nFIAT &#8211; 2A SIENA EXTRA EUROPA (1997-2002) 1242 MPI CF2 87RON \/ 1242 MPI EM.04 \/ 1242 MPI CF2 \/ 1242 MPI EM.04<br \/>\nFIAT &#8211; 2L SIENA EXTRA EUROPA REST.(2002-2012) 1242 MPI 8V CF2 87 RON<br \/>\nFIAT &#8211; NS TIPO MQ.93 1370-1580 (1993-1995) 1108 SPI<br \/>\nFIAT &#8211; 1D UNO MONDO (1995-2010) 1000 CARB. \/ 1000 USA 83 \/ 1000 CF2 \/ 1242 SPI CF2<br \/>\nFIAT &#8211; 1D UNO MONDO (1995-2010) 1100 CARB.<br \/>\nFIAT &#8211; MR UNO R\/89 900-1.0-1.1 (1989-1995) 1000 \/ 1108 \/ 1000 DAV. \/ 1000 USA&#8217;83 \/ 1108 USA&#8217;83 (51CV) \/ 1100 USA&#8217;83 (49CV)<br \/>\nLANCIA &#8211; SU Y (1995-2000) 1242 SPI 8V \/ 1108 SPI<br \/>\nLANCIA &#8211; SU Y (1995-2000) 1242 MPI 16V CF2<br \/>\nLANCIA &#8211; TA Y FL.2000 (2000-2003) 1.2 8V<br \/>\nLANCIA &#8211; ZL Y10 FL.89 (1988-1992) 1100 SPI USA&#8217;83 \/ 4WD<br \/>\nLANCIA &#8211; ZM Y10 R.92 (1992-1995) 1100 SPI 156C046 \/ 1100 SPI 176B2000<br \/>\nLANCIA &#8211; TE YPSILON (2003-2009) 1200 8V MPI CF4 60CV\/44KW \/ 1400 8V MPI CF4 77CV\/56KW<br \/>\nLANCIA &#8211; TI YPSILON (2009-2011) (1242\u00a0-1248\u00a0CC) \/ GASOLINA \/ (1368\u00a0CC) \/ 8 V\u00c1LVULAS<br \/>\nFIAT PROFESSIONAL &#8211; 1W DOBLO (2000-2004) 1242 MPI 8V CF3<br \/>\nFIAT PROFESSIONAL &#8211; 1G STRADA (1999-2005) 1242 CF2<br \/>\nAUTOBIANCHI &#8211; Y10<\/p>\n<p>LA PIEZA ES NUEVA Y ORIGINAL.<\/p>\n","protected":false},"excerpt":{"rendered":"<p>Tapa del c\u00e1rter, apoyo del ret\u00e9n del cig\u00fce\u00f1al del lado de la caja de cambios de: FIAT &#8211; 1M BRAVA G.98 BZ\/DS (1998-2001) 1.2 16V CF2 FIAT &#8211; 1L BRAVO G.98 BZ\/DS (1998-2001) 1.2 16V CF2 FIAT &#8211; NM CINQUECENTO (1992-1998) 1108 SPI\u00bbW\u00bbCF2 FIAT &#8211; 2Q NUOVA PANDA (2003-2009) 1.1 8V \/ 1242 8V CF4 [&hellip;]<\/p>\n","protected":false},"featured_media":99050,"template":"","meta":{"_seopress_robots_primary_cat":"","_seopress_titles_title":"","_seopress_titles_desc":"","_seopress_robots_index":""},"product_cat":[25,81,82,84,87,20,21,98,99,101,106,107,109,112,114,126,64,127],"product_tag":[],"class_list":{"0":"post-99048","1":"product","2":"type-product","3":"status-publish","4":"has-post-thumbnail","6":"product_cat-recambios-autobianchi","7":"product_cat-recambios-fiat-brava","8":"product_cat-recambios-fiat-bravo","9":"product_cat-recambios-fiat-cinquecento","10":"product_cat-recambios-fiat-doblo","11":"product_cat-recambios-fiat","12":"product_cat-recambios-lancia","13":"product_cat-recambios-fiat-palio","14":"product_cat-recambios-fiat-panda","15":"product_cat-recambios-fiat-punto","16":"product_cat-recambios-fiat-seicento","17":"product_cat-recambios-fiat-siena","18":"product_cat-recambios-fiat-strada","19":"product_cat-recambios-fiat-tipo","20":"product_cat-recambios-fiat-uno","21":"product_cat-recambios-lancia-y10","22":"product_cat-recambios-autobianchi-y10","23":"product_cat-recambios-lancia-ypsilon","25":"first","26":"outofstock","27":"taxable","28":"shipping-taxable","29":"purchasable","30":"product-type-simple"},"_links":{"self":[{"href":"https:\/\/galicianparts.com\/shop\/wp-json\/wp\/v2\/product\/99048"}],"collection":[{"href":"https:\/\/galicianparts.com\/shop\/wp-json\/wp\/v2\/product"}],"about":[{"href":"https:\/\/galicianparts.com\/shop\/wp-json\/wp\/v2\/types\/product"}],"wp:featuredmedia":[{"embeddable":true,"href":"https:\/\/galicianparts.com\/shop\/wp-json\/wp\/v2\/media\/99050"}],"wp:attachment":[{"href":"https:\/\/galicianparts.com\/shop\/wp-json\/wp\/v2\/media?parent=99048"}],"wp:term":[{"taxonomy":"product_cat","embeddable":true,"href":"https:\/\/galicianparts.com\/shop\/wp-json\/wp\/v2\/product_cat?post=99048"},{"taxonomy":"product_tag","embeddable":true,"href":"https:\/\/galicianparts.com\/shop\/wp-json\/wp\/v2\/product_tag?post=99048"}],"curies":[{"name":"wp","href":"https:\/\/api.w.org\/{rel}","templated":true}]}}