{"id":99063,"date":"2025-08-06T11:09:16","date_gmt":"2025-08-06T09:09:16","guid":{"rendered":"https:\/\/galicianparts.com\/shop\/producto\/7768288-polea-arbol-levas-m-1-2-8v-fiat-punto-palio-lancia-ypsilon-nuevo-original\/"},"modified":"2025-08-06T11:36:22","modified_gmt":"2025-08-06T09:36:22","slug":"7768288-polea-arbol-levas-m-1-2-8v-fiat-punto-palio-lancia-ypsilon-nuevo-original","status":"publish","type":"product","link":"https:\/\/galicianparts.com\/shop\/producto\/7768288-polea-arbol-levas-m-1-2-8v-fiat-punto-palio-lancia-ypsilon-nuevo-original\/","title":{"rendered":"7768288 Polea \u00e1rbol levas M 1.2 8V Fiat Punto \/Palio \/Lancia Ypsilon NUEVO ORIGINAL"},"content":{"rendered":"<p>Pi\u00f1\u00f3n superior de la distribuci\u00f3n de:<br \/>\nN\u00ba Dientes: 38<br \/>\nDi\u00e1metro: 114mm<br \/>\nDi\u00e1metro interior: 10.4mm<br \/>\nAncho: 21mm<\/p>\n<p>FIAT &#8211; 1X PALIO 2V EXTRA EUROPA (1997-2002) 1242 MPI EM.04 \/ 1242 MPI 8V CF2 \/ 1242 MPI 8V EM.04 \/ 1242 MPI CF3<br \/>\nFIAT &#8211; 1Y PALIO WE EXTRA EUROPA (1997-2002) 1242 MPI 8V CF2 87RON \/ 1242 MPI 8V CF2 \/ 1242 MPI CF3<br \/>\nFIAT &#8211; PY PALIO\/WEEKEND EUROPA (1997-2002) 1242 SW CF2 \/ 1242 BN CF2<br \/>\nFIAT &#8211; NV PUNTO 55-60-75-90 (1993-1997) 1.2 MPI \/ 1.2 SPI CF2 176B4000<br \/>\nFIAT &#8211; 1A PUNTO BZ. GAMMA &#8217;97 (1997-1999) 1242 SPI \/ 1242 MPI 8V<br \/>\nFIAT &#8211; PF PUNTO CABRIO (1994-1997) 1242 SPI CF2<br \/>\nFIAT &#8211; 1C PUNTO CABRIO GAMMA&#8217;97 (1997-2000) 1242 SPI<br \/>\nFIAT &#8211; 2A SIENA EXTRA EUROPA (1997-2002) 1242 MPI EM.04 \/ 1242 MPI CF2 87RON \/ 1242 MPI CF2 \/ 1242 MPI EM.04 \/ 1242 MPI CF3<br \/>\nLANCIA &#8211; SU Y (1995-2000) 1242 SPI 8V<br \/>\nFIAT PROFESSIONAL &#8211; 1G STRADA (1999-2005) 1242 CF2<\/p>\n<p>LA PIEZA ES NUEVA Y ORIGINAL.<\/p>\n","protected":false},"excerpt":{"rendered":"<p>Pi\u00f1\u00f3n superior de la distribuci\u00f3n de: N\u00ba Dientes: 38 Di\u00e1metro: 114mm Di\u00e1metro interior: 10.4mm Ancho: 21mm FIAT &#8211; 1X PALIO 2V EXTRA EUROPA (1997-2002) 1242 MPI EM.04 \/ 1242 MPI 8V CF2 \/ 1242 MPI 8V EM.04 \/ 1242 MPI CF3 FIAT &#8211; 1Y PALIO WE EXTRA EUROPA (1997-2002) 1242 MPI 8V CF2 87RON \/ [&hellip;]<\/p>\n","protected":false},"featured_media":99066,"template":"","meta":{"_seopress_robots_primary_cat":"","_seopress_titles_title":"","_seopress_titles_desc":"","_seopress_robots_index":""},"product_cat":[20,21,98,101,107,109,127],"product_tag":[],"class_list":{"0":"post-99063","1":"product","2":"type-product","3":"status-publish","4":"has-post-thumbnail","6":"product_cat-recambios-fiat","7":"product_cat-recambios-lancia","8":"product_cat-recambios-fiat-palio","9":"product_cat-recambios-fiat-punto","10":"product_cat-recambios-fiat-siena","11":"product_cat-recambios-fiat-strada","12":"product_cat-recambios-lancia-ypsilon","14":"first","15":"instock","16":"taxable","17":"shipping-taxable","18":"purchasable","19":"product-type-simple"},"_links":{"self":[{"href":"https:\/\/galicianparts.com\/shop\/wp-json\/wp\/v2\/product\/99063"}],"collection":[{"href":"https:\/\/galicianparts.com\/shop\/wp-json\/wp\/v2\/product"}],"about":[{"href":"https:\/\/galicianparts.com\/shop\/wp-json\/wp\/v2\/types\/product"}],"wp:featuredmedia":[{"embeddable":true,"href":"https:\/\/galicianparts.com\/shop\/wp-json\/wp\/v2\/media\/99066"}],"wp:attachment":[{"href":"https:\/\/galicianparts.com\/shop\/wp-json\/wp\/v2\/media?parent=99063"}],"wp:term":[{"taxonomy":"product_cat","embeddable":true,"href":"https:\/\/galicianparts.com\/shop\/wp-json\/wp\/v2\/product_cat?post=99063"},{"taxonomy":"product_tag","embeddable":true,"href":"https:\/\/galicianparts.com\/shop\/wp-json\/wp\/v2\/product_tag?post=99063"}],"curies":[{"name":"wp","href":"https:\/\/api.w.org\/{rel}","templated":true}]}}