{"id":99069,"date":"2025-08-06T11:24:39","date_gmt":"2025-08-06T09:24:39","guid":{"rendered":"https:\/\/galicianparts.com\/shop\/producto\/71754819-cristal-espejo-retrovisor-der-fiat-idea-lancia-musa-nuevo-original\/"},"modified":"2025-08-06T11:33:12","modified_gmt":"2025-08-06T09:33:12","slug":"71754819-cristal-espejo-retrovisor-der-fiat-idea-lancia-musa-nuevo-original","status":"publish","type":"product","link":"https:\/\/galicianparts.com\/shop\/producto\/71754819-cristal-espejo-retrovisor-der-fiat-idea-lancia-musa-nuevo-original\/","title":{"rendered":"71754819 Cristal espejo retrovisor der. Fiat Idea \/Lancia Musa NUEVO ORIGINAL"},"content":{"rendered":"<p>Vidrio del espejo retrovisor derecho el\u00e9ctrico de:<br \/>\nFIAT &#8211; 4D IDEA (2008-2012) ESPEJOS RETROVISORES EXTERIORES CON MANDO EL\u00c9CTRICO Y DESEMPA\u00d1AMIENTO<br \/>\nLANCIA &#8211; TJ MUSA (2007-2011) ESPEJOS RETROVISORES EXTERIORES CON MANDO EL\u00c9CTRICO Y DESEMPA\u00d1AMIENTO<br \/>\nLANCIA &#8211; 43 MUSA FLL (2011-2012) ESPEJOS RETROVISORES EXTERIORES CON MANDO EL\u00c9CTRICO Y DESEMPA\u00d1AMIENTO<\/p>\n<p>LA PIEZA ES NUEVA Y ORIGINAL.<\/p>\n","protected":false},"excerpt":{"rendered":"<p>Vidrio del espejo retrovisor derecho el\u00e9ctrico de: FIAT &#8211; 4D IDEA (2008-2012) ESPEJOS RETROVISORES EXTERIORES CON MANDO EL\u00c9CTRICO Y DESEMPA\u00d1AMIENTO LANCIA &#8211; TJ MUSA (2007-2011) ESPEJOS RETROVISORES EXTERIORES CON MANDO EL\u00c9CTRICO Y DESEMPA\u00d1AMIENTO LANCIA &#8211; 43 MUSA FLL (2011-2012) ESPEJOS RETROVISORES EXTERIORES CON MANDO EL\u00c9CTRICO Y DESEMPA\u00d1AMIENTO LA PIEZA ES NUEVA Y ORIGINAL.<\/p>\n","protected":false},"featured_media":99073,"template":"","meta":{"_seopress_robots_primary_cat":"","_seopress_titles_title":"","_seopress_titles_desc":"","_seopress_robots_index":""},"product_cat":[20,93,21,121],"product_tag":[],"class_list":{"0":"post-99069","1":"product","2":"type-product","3":"status-publish","4":"has-post-thumbnail","6":"product_cat-recambios-fiat","7":"product_cat-recambios-fiat-idea","8":"product_cat-recambios-lancia","9":"product_cat-recambios-lancia-musa","11":"first","12":"instock","13":"taxable","14":"shipping-taxable","15":"purchasable","16":"product-type-simple"},"_links":{"self":[{"href":"https:\/\/galicianparts.com\/shop\/wp-json\/wp\/v2\/product\/99069"}],"collection":[{"href":"https:\/\/galicianparts.com\/shop\/wp-json\/wp\/v2\/product"}],"about":[{"href":"https:\/\/galicianparts.com\/shop\/wp-json\/wp\/v2\/types\/product"}],"wp:featuredmedia":[{"embeddable":true,"href":"https:\/\/galicianparts.com\/shop\/wp-json\/wp\/v2\/media\/99073"}],"wp:attachment":[{"href":"https:\/\/galicianparts.com\/shop\/wp-json\/wp\/v2\/media?parent=99069"}],"wp:term":[{"taxonomy":"product_cat","embeddable":true,"href":"https:\/\/galicianparts.com\/shop\/wp-json\/wp\/v2\/product_cat?post=99069"},{"taxonomy":"product_tag","embeddable":true,"href":"https:\/\/galicianparts.com\/shop\/wp-json\/wp\/v2\/product_tag?post=99069"}],"curies":[{"name":"wp","href":"https:\/\/api.w.org\/{rel}","templated":true}]}}