{"id":99082,"date":"2025-08-06T12:06:25","date_gmt":"2025-08-06T10:06:25","guid":{"rendered":"https:\/\/galicianparts.com\/shop\/producto\/60564704-casquillo-columna-direccion-alfa-romeo-164-lancia-kappa-nuevo-original\/"},"modified":"2025-08-06T12:12:45","modified_gmt":"2025-08-06T10:12:45","slug":"60564704-casquillo-columna-direccion-alfa-romeo-164-lancia-kappa-nuevo-original","status":"publish","type":"product","link":"https:\/\/galicianparts.com\/shop\/producto\/60564704-casquillo-columna-direccion-alfa-romeo-164-lancia-kappa-nuevo-original\/","title":{"rendered":"60564704 Casquillo columna direcci\u00f3n Alfa Romeo 164 \/Lancia Kappa NUEVO ORIGINAL"},"content":{"rendered":"<p>Casquillo de la uni\u00f3n de las barras de la columna de direcci\u00f3n de:<br \/>\nDi\u00e1metro interior: 20.5mm<br \/>\nDi\u00e1metro exterior: 40mm<\/p>\n<p>ALFA ROMEO &#8211; K0 164 (1987-1992) 3.0 V6 QV<br \/>\nALFA ROMEO &#8211; W1 164 FL\/92 (1992-1997) SUSPENC CON AMORTIGUAMIENTO CONTROLADO<br \/>\nALFA ROMEO &#8211; W2 164 SUPER (1992-1997) SUSPENC CON AMORTIGUAMIENTO CONTROLADO<br \/>\nALFA ROMEO &#8211; N0 164 U.S.A. MY.91\/93 (1990-1992) 164 3.0 V6 SPORT<br \/>\nALFA ROMEO &#8211; R4 164 USA MY.94-95 (1993-1995) SUSPENC CON AMORTIGUAMIENTO CONTROLADO \/ (3000 LS MY&#8217;94 \/ 3000 LS MY&#8217;95)3000 QUADRIFOGLIO MY&#8217;94 \/ 3000 QUADRIFOGLIO MY&#8217;95<br \/>\nLANCIA &#8211; SS KAPPA  3.0 V6 (1994-2001) SUSPENC CON AMORTIGUAMIENTO CONTROLADO<br \/>\nLANCIA &#8211; SV KAPPA  COUPE&#8217; (1997-2001) SUSPENC CON AMORTIGUAMIENTO CONTROLADO<br \/>\nLANCIA &#8211; SP KAPPA BZ 2000-2400 (1994-2001) SUSPENC CON AMORTIGUAMIENTO CONTROLADO<\/p>\n<p>LA PIEZA ES NUEVA Y ORIGINAL.<\/p>\n","protected":false},"excerpt":{"rendered":"<p>Casquillo de la uni\u00f3n de las barras de la columna de direcci\u00f3n de: Di\u00e1metro interior: 20.5mm Di\u00e1metro exterior: 40mm ALFA ROMEO &#8211; K0 164 (1987-1992) 3.0 V6 QV ALFA ROMEO &#8211; W1 164 FL\/92 (1992-1997) SUSPENC CON AMORTIGUAMIENTO CONTROLADO ALFA ROMEO &#8211; W2 164 SUPER (1992-1997) SUSPENC CON AMORTIGUAMIENTO CONTROLADO ALFA ROMEO &#8211; N0 164 [&hellip;]<\/p>\n","protected":false},"featured_media":99085,"template":"","meta":{"_seopress_robots_primary_cat":"","_seopress_titles_title":"","_seopress_titles_desc":"","_seopress_robots_index":""},"product_cat":[54,16,119,21],"product_tag":[],"class_list":{"0":"post-99082","1":"product","2":"type-product","3":"status-publish","4":"has-post-thumbnail","6":"product_cat-recambios-alfa-romeo-164","7":"product_cat-recambios-alfa-romeo","8":"product_cat-recambios-lancia-kappa","9":"product_cat-recambios-lancia","11":"first","12":"instock","13":"taxable","14":"shipping-taxable","15":"purchasable","16":"product-type-simple"},"_links":{"self":[{"href":"https:\/\/galicianparts.com\/shop\/wp-json\/wp\/v2\/product\/99082"}],"collection":[{"href":"https:\/\/galicianparts.com\/shop\/wp-json\/wp\/v2\/product"}],"about":[{"href":"https:\/\/galicianparts.com\/shop\/wp-json\/wp\/v2\/types\/product"}],"wp:featuredmedia":[{"embeddable":true,"href":"https:\/\/galicianparts.com\/shop\/wp-json\/wp\/v2\/media\/99085"}],"wp:attachment":[{"href":"https:\/\/galicianparts.com\/shop\/wp-json\/wp\/v2\/media?parent=99082"}],"wp:term":[{"taxonomy":"product_cat","embeddable":true,"href":"https:\/\/galicianparts.com\/shop\/wp-json\/wp\/v2\/product_cat?post=99082"},{"taxonomy":"product_tag","embeddable":true,"href":"https:\/\/galicianparts.com\/shop\/wp-json\/wp\/v2\/product_tag?post=99082"}],"curies":[{"name":"wp","href":"https:\/\/api.w.org\/{rel}","templated":true}]}}