{"id":99127,"date":"2025-08-07T10:47:43","date_gmt":"2025-08-07T08:47:43","guid":{"rendered":"https:\/\/galicianparts.com\/shop\/producto\/4300681-racor-m14-colector-admision-fiat-panda-punto-uno-lancia-dedra-y10-original\/"},"modified":"2026-03-06T00:23:50","modified_gmt":"2026-03-05T22:23:50","slug":"4300681-racor-m14-colector-admision-fiat-panda-punto-uno-lancia-dedra-y10-original","status":"publish","type":"product","link":"https:\/\/galicianparts.com\/shop\/producto\/4300681-racor-m14-colector-admision-fiat-panda-punto-uno-lancia-dedra-y10-original\/","title":{"rendered":"4300681 Racor M14 colector admisi\u00f3n Fiat Panda \/Punto \/Uno \/Lancia Dedra \/Y10 ORIGINAL"},"content":{"rendered":"<p>Racor del colector de admisi\u00f3n y de la tapa de v\u00e1lvulas de:<br \/>\nM\u00e9trica: 14<br \/>\nDi\u00e1metro interior: 9mm<br \/>\nDi\u00e1metro exterior boquilla: 12mm<\/p>\n<p>FIAT &#8211; NM CINQUECENTO (1992-1998) 903 CARB. \/ 903 SPI\u00bbW\u00bb USA&#8217;83 \/ 899 CARB.<br \/>\nFIAT &#8211; NM CINQUECENTO (1992-1998) 899 SPI\u00bbW\u00bb<br \/>\nFIAT &#8211; XP ELBA CSL (1991-1996) 1372 SPI CEE F2 (MONOMOTRONIC) \/ 1580 SPI CEE F2 (MONOMOTRONIC)<br \/>\nFIAT &#8211; 1X PALIO 2V EXTRA EUROPA (1997-2002) 1108 CARB EM.04<br \/>\nFIAT &#8211; 1S PANDA 4X2 MAQ 91 (1991-2003) 900 SPI USA 83<br \/>\nFIAT &#8211; 1S PANDA 4X2 MAQ 91 (1991-2003) CAMBIO AUTOMATICO \/ 1000 SPI USA 83 WEBER \/ 1100 SPI USA 83 \/ 1000 SPI CF2 \/ 1100 SPI CF2 \/ 1000\u00a0SPI\u00a0USA\u00a083\u00a0BOSCH<br \/>\nFIAT &#8211; LV PANDA 4X2 RL\/86(1985-1991) CAMBIO AUTOMATICO \/ 1000 SPI USA&#8217;83 \/ 1100 SPI USA&#8217;83 C.A.<br \/>\nFIAT &#8211; 1T PANDA 4X4 MAQ 91 (1991-2003) 1000 SPI USA 83<br \/>\nFIAT &#8211; 2R PANDA 4X4 R\/86 (1985-1991) 1000 SPI USA 83<br \/>\nFIAT &#8211; NV PUNTO 55-60-75-90 (1993-1997) 1.6 MPI<br \/>\nFIAT &#8211; PF PUNTO CABRIO (1994-1997) 1580 MPI<br \/>\nFIAT &#8211; NY TEMPRA MAQ.93 (&#8217;93-&#8217;96) 1580 MPI \u00abGM\u00bb<br \/>\nFIAT &#8211; ME TIPO (1987-1993) 1100 CARB.<br \/>\nFIAT &#8211; NS TIPO MQ.93 (1993-1995) 1108 SPI<br \/>\nFIAT &#8211; 1D UNO MONDO (1995-2010) 1000 CARB. \/ CHINA \/ 1000 USA 83<br \/>\nFIAT &#8211; 1D UNO MONDO (1995-2010) 1100 CARB.<br \/>\nFIAT &#8211; MR UNO R\/89 (1989-1995) 1000 \/ 1108 \/ 1000 DAV. \/ 1000 USA&#8217;83 \/ 1108 USA&#8217;83 (51CV) \/ 1100 USA&#8217;83 (49CV)<br \/>\nLANCIA &#8211; SL DEDRA FL.94 1580-1750 8\/16V 2000 (1994-1999) 1580 MPI 8V<br \/>\nLANCIA &#8211; SM DEDRA FL.94 1750-2.0 (1994-1999) S.W. LS 4X4 \/ 2000 16V<br \/>\nLANCIA &#8211; ZL Y10 FL.89 (1988-1992) 1000 \/ 1000 DAV. \/ 1000 SPI USA&#8217;83 \/ 1100 SPI \/ 1100 SPI USA&#8217;83<br \/>\nLANCIA &#8211; ZM Y10 R.92 (1992-1995) 1100 SPI 156C046<br \/>\nFIAT PROFESSIONAL &#8211; 2N FIORINO RL (1993-2000) 1372 SPI C.F.2<br \/>\nAUTOBIANCHI &#8211; Y10<\/p>\n<p>LA PIEZA ES NUEVA Y ORIGINAL.<\/p>\n","protected":false},"excerpt":{"rendered":"<p>Racor del colector de admisi\u00f3n y de la tapa de v\u00e1lvulas de: M\u00e9trica: 14 Di\u00e1metro interior: 9mm Di\u00e1metro exterior boquilla: 12mm FIAT &#8211; NM CINQUECENTO (1992-1998) 903 CARB. \/ 903 SPI\u00bbW\u00bb USA&#8217;83 \/ 899 CARB. FIAT &#8211; NM CINQUECENTO (1992-1998) 899 SPI\u00bbW\u00bb FIAT &#8211; XP ELBA CSL (1991-1996) 1372 SPI CEE F2 (MONOMOTRONIC) \/ 1580 [&hellip;]<\/p>\n","protected":false},"featured_media":99128,"template":"","meta":{"_seopress_robots_primary_cat":"","_seopress_titles_title":"","_seopress_titles_desc":"","_seopress_robots_index":""},"product_cat":[25,84,117,90,20,91,21,98,99,101,111,112,114,126,64],"product_tag":[],"class_list":{"0":"post-99127","1":"product","2":"type-product","3":"status-publish","4":"has-post-thumbnail","6":"product_cat-recambios-autobianchi","7":"product_cat-recambios-fiat-cinquecento","8":"product_cat-recambios-lancia-dedra","9":"product_cat-recambios-fiat-elba","10":"product_cat-recambios-fiat","11":"product_cat-recambios-fiat-fiorino","12":"product_cat-recambios-lancia","13":"product_cat-recambios-fiat-palio","14":"product_cat-recambios-fiat-panda","15":"product_cat-recambios-fiat-punto","16":"product_cat-recambios-fiat-tempra","17":"product_cat-recambios-fiat-tipo","18":"product_cat-recambios-fiat-uno","19":"product_cat-recambios-lancia-y10","20":"product_cat-recambios-autobianchi-y10","22":"first","23":"outofstock","24":"taxable","25":"shipping-taxable","26":"purchasable","27":"product-type-simple"},"_links":{"self":[{"href":"https:\/\/galicianparts.com\/shop\/wp-json\/wp\/v2\/product\/99127"}],"collection":[{"href":"https:\/\/galicianparts.com\/shop\/wp-json\/wp\/v2\/product"}],"about":[{"href":"https:\/\/galicianparts.com\/shop\/wp-json\/wp\/v2\/types\/product"}],"wp:featuredmedia":[{"embeddable":true,"href":"https:\/\/galicianparts.com\/shop\/wp-json\/wp\/v2\/media\/99128"}],"wp:attachment":[{"href":"https:\/\/galicianparts.com\/shop\/wp-json\/wp\/v2\/media?parent=99127"}],"wp:term":[{"taxonomy":"product_cat","embeddable":true,"href":"https:\/\/galicianparts.com\/shop\/wp-json\/wp\/v2\/product_cat?post=99127"},{"taxonomy":"product_tag","embeddable":true,"href":"https:\/\/galicianparts.com\/shop\/wp-json\/wp\/v2\/product_tag?post=99127"}],"curies":[{"name":"wp","href":"https:\/\/api.w.org\/{rel}","templated":true}]}}