{"id":99132,"date":"2025-08-07T10:59:33","date_gmt":"2025-08-07T08:59:33","guid":{"rendered":"https:\/\/galicianparts.com\/shop\/producto\/82393665-sensor-econometro-cuadro-relojes-fiat-duna-1986-1990-nuevo-original-veglia\/"},"modified":"2025-09-29T18:24:17","modified_gmt":"2025-09-29T16:24:17","slug":"82393665-sensor-econometro-cuadro-relojes-fiat-duna-1986-1990-nuevo-original-veglia","status":"publish","type":"product","link":"https:\/\/galicianparts.com\/shop\/producto\/82393665-sensor-econometro-cuadro-relojes-fiat-duna-1986-1990-nuevo-original-veglia\/","title":{"rendered":"82393665 Sensor econ\u00f3metro cuadro relojes Fiat Duna (1986-1990) NUEVO ORIGINAL VEGLIA"},"content":{"rendered":"<p>Electrov\u00e1lvula del vacu\u00f3metro del consumo de combustible del cuadro de instrumentos de:<br \/>\nFIAT &#8211; 2B DUNA BENZINA\/DIESEL (1986-1990) 1100 BZ \/ 1300 BZ<\/p>\n<p>LA PIEZA ES NUEVA Y ORIGINAL VEGLIA.<\/p>\n","protected":false},"excerpt":{"rendered":"<p>Electrov\u00e1lvula del vacu\u00f3metro del consumo de combustible del cuadro de instrumentos de: FIAT &#8211; 2B DUNA BENZINA\/DIESEL (1986-1990) 1100 BZ \/ 1300 BZ LA PIEZA ES NUEVA Y ORIGINAL VEGLIA.<\/p>\n","protected":false},"featured_media":99133,"template":"","meta":{"_seopress_robots_primary_cat":"","_seopress_titles_title":"","_seopress_titles_desc":"","_seopress_robots_index":""},"product_cat":[89,20],"product_tag":[],"class_list":{"0":"post-99132","1":"product","2":"type-product","3":"status-publish","4":"has-post-thumbnail","6":"product_cat-recambios-fiat-duna","7":"product_cat-recambios-fiat","9":"first","10":"outofstock","11":"taxable","12":"shipping-taxable","13":"purchasable","14":"product-type-simple"},"_links":{"self":[{"href":"https:\/\/galicianparts.com\/shop\/wp-json\/wp\/v2\/product\/99132"}],"collection":[{"href":"https:\/\/galicianparts.com\/shop\/wp-json\/wp\/v2\/product"}],"about":[{"href":"https:\/\/galicianparts.com\/shop\/wp-json\/wp\/v2\/types\/product"}],"wp:featuredmedia":[{"embeddable":true,"href":"https:\/\/galicianparts.com\/shop\/wp-json\/wp\/v2\/media\/99133"}],"wp:attachment":[{"href":"https:\/\/galicianparts.com\/shop\/wp-json\/wp\/v2\/media?parent=99132"}],"wp:term":[{"taxonomy":"product_cat","embeddable":true,"href":"https:\/\/galicianparts.com\/shop\/wp-json\/wp\/v2\/product_cat?post=99132"},{"taxonomy":"product_tag","embeddable":true,"href":"https:\/\/galicianparts.com\/shop\/wp-json\/wp\/v2\/product_tag?post=99132"}],"curies":[{"name":"wp","href":"https:\/\/api.w.org\/{rel}","templated":true}]}}