{"id":99177,"date":"2025-08-07T13:24:19","date_gmt":"2025-08-07T11:24:19","guid":{"rendered":"https:\/\/galicianparts.com\/shop\/producto\/7641112-barra-palier-izq-transmision-fiat-uno-diesel-1989-1995-nuevo-original\/"},"modified":"2026-03-02T20:51:59","modified_gmt":"2026-03-02T18:51:59","slug":"7641112-barra-palier-izq-transmision-fiat-uno-diesel-1989-1995-nuevo-original","status":"publish","type":"product","link":"https:\/\/galicianparts.com\/shop\/producto\/7641112-barra-palier-izq-transmision-fiat-uno-diesel-1989-1995-nuevo-original\/","title":{"rendered":"7641112 Barra palier izq. transmisi\u00f3n Fiat Uno Diesel (1989-1995) NUEVO ORIGINAL"},"content":{"rendered":"<p>Semieje, barra del eje de transmisi\u00f3n izquierdo de:<br \/>\nLargo: 419mm<br \/>\nDi\u00e1metro puntas: 22mm<br \/>\nN\u00famero estr\u00edas: 20<\/p>\n<p>FIAT &#8211; XS MILLE CLIP (1995-1997) 1697 DS<br \/>\nFIAT &#8211; MU UNO DIESEL R\/89 (1989-1995) 1367 TURBO \/ 1697 ASPIRADO \/ 1930 ASPIRADO<\/p>\n<p>LA PIEZA ES NUEVA Y ORIGINAL.<\/p>\n","protected":false},"excerpt":{"rendered":"<p>Semieje, barra del eje de transmisi\u00f3n izquierdo de: Largo: 419mm Di\u00e1metro puntas: 22mm N\u00famero estr\u00edas: 20 FIAT &#8211; XS MILLE CLIP (1995-1997) 1697 DS FIAT &#8211; MU UNO DIESEL R\/89 (1989-1995) 1367 TURBO \/ 1697 ASPIRADO \/ 1930 ASPIRADO LA PIEZA ES NUEVA Y ORIGINAL.<\/p>\n","protected":false},"featured_media":99180,"template":"","meta":{"_seopress_robots_primary_cat":"","_seopress_titles_title":"","_seopress_titles_desc":"","_seopress_robots_index":""},"product_cat":[20,114],"product_tag":[],"class_list":{"0":"post-99177","1":"product","2":"type-product","3":"status-publish","4":"has-post-thumbnail","6":"product_cat-recambios-fiat","7":"product_cat-recambios-fiat-uno","9":"first","10":"outofstock","11":"taxable","12":"shipping-taxable","13":"purchasable","14":"product-type-simple"},"_links":{"self":[{"href":"https:\/\/galicianparts.com\/shop\/wp-json\/wp\/v2\/product\/99177"}],"collection":[{"href":"https:\/\/galicianparts.com\/shop\/wp-json\/wp\/v2\/product"}],"about":[{"href":"https:\/\/galicianparts.com\/shop\/wp-json\/wp\/v2\/types\/product"}],"wp:featuredmedia":[{"embeddable":true,"href":"https:\/\/galicianparts.com\/shop\/wp-json\/wp\/v2\/media\/99180"}],"wp:attachment":[{"href":"https:\/\/galicianparts.com\/shop\/wp-json\/wp\/v2\/media?parent=99177"}],"wp:term":[{"taxonomy":"product_cat","embeddable":true,"href":"https:\/\/galicianparts.com\/shop\/wp-json\/wp\/v2\/product_cat?post=99177"},{"taxonomy":"product_tag","embeddable":true,"href":"https:\/\/galicianparts.com\/shop\/wp-json\/wp\/v2\/product_tag?post=99177"}],"curies":[{"name":"wp","href":"https:\/\/api.w.org\/{rel}","templated":true}]}}