{"id":99353,"date":"2025-08-20T11:42:27","date_gmt":"2025-08-20T09:42:27","guid":{"rendered":"https:\/\/galicianparts.com\/shop\/producto\/71711760-cojinete-axial-00-ciguenal-fiat-punto-barchetta-lancia-delta-ii-alfa-original\/"},"modified":"2025-08-20T11:45:58","modified_gmt":"2025-08-20T09:45:58","slug":"71711760-cojinete-axial-00-ciguenal-fiat-punto-barchetta-lancia-delta-ii-alfa-original","status":"publish","type":"product","link":"https:\/\/galicianparts.com\/shop\/producto\/71711760-cojinete-axial-00-ciguenal-fiat-punto-barchetta-lancia-delta-ii-alfa-original\/","title":{"rendered":"71711760 Cojinete axial 0,0 cig\u00fce\u00f1al Fiat Punto \/Barchetta \/Lancia Delta II \/Alfa ORIGINAL"},"content":{"rendered":"<p>Cojinete axial del cig\u00fce\u00f1al de:<br \/>\nSobremedida: Est\u00e1ndar (STD)<\/p>\n<p>FIAT &#8211; PK BARCHETTA (1995-2004) 1.8 16V (183A1000)<br \/>\nFIAT &#8211; PK BARCHETTA (1995-2004) 1.8 16V (188A6000)<br \/>\nFIAT &#8211; 1V BRAVA (1995-1998) 1370 SPI 12V 80CV \/ 1370 SPI 12V 75CV<br \/>\nFIAT &#8211; 1V BRAVA (1995-1998) 1800 MPI 16V<br \/>\nFIAT &#8211; 1M BRAVA G.98 (1998-2001) 1800 16V<br \/>\nFIAT &#8211; 1M BRAVA G.98 (1998-2001) 1910 TD (75 CV) \/ 1910 TD (100 CV)<br \/>\nFIAT &#8211; 1U BRAVO (1995-1998) 1370 SPI 12V 80CV \/ 1370 SPI 12V 75CV<br \/>\nFIAT &#8211; 1U BRAVO (1995-1998) 1800 16V<br \/>\nFIAT &#8211; 1L BRAVO G.98 (1998-2001) 1800 16V<br \/>\nFIAT &#8211; 1L BRAVO G.98 (1998-2001) 1910 TD (75 CV) \/ 1910 TD (100 CV)<br \/>\nFIAT &#8211; PC COUPE&#8217; (1994-1996) 1750 16V CEE F2<br \/>\nFIAT &#8211; PX COUPE&#8217; GAMMA&#8217;96 (1996-2000) 1750 16V ASP.<br \/>\nFIAT &#8211; PT MAREA BENZINA (1996-1999) 1370 12V 80CV (59 KW)<br \/>\nFIAT &#8211; PT MAREA BENZINA (1996-1999) 1800<br \/>\nFIAT &#8211; 1Q MAREA BZ GAMMA&#8217;99 (1999-2002) 1800 16V<br \/>\nFIAT &#8211; PU MAREA DIESEL (1996-1999) 1910 TD (100CV) \/ 1910 TD SOFT (75CV)<br \/>\nFIAT &#8211; 1R MAREA DS GAMMA&#8217;99 (1999-2002) 1910 TD 75CV<br \/>\nFIAT &#8211; 2H PALIO 2V EXTRA EUROPA REST. 2002 (2002-2011) 1910 DS CF3 (IND)<br \/>\nFIAT &#8211; 2G PALIO WE EUROPA REST. (2002-2004) 1910 DS CF3<br \/>\nFIAT &#8211; 2K PALIO WE EXTRA EUROPA REST. 2002 (2002-2008) 1910 DS CF3 (IND<br \/>\nFIAT &#8211; PY PALIO\/WEEKEND EUROPA (1997-2002) 1.9 DS CF3<br \/>\nFIAT &#8211; 1N PUNTO BZ (1999-2003) 1.8 16V CF2 \/ 1.8 16V CF3<br \/>\nFIAT &#8211; 1P PUNTO DS (1999-2003) 1.9 DS<br \/>\nFIAT &#8211; 2U PUNTO FL.&#8217;03 (2003-2010) 1.8 16V CF4<br \/>\nFIAT &#8211; 2L SIENA EXTRA EUROPA REST.(2002-2012) 1910 DS CF3<br \/>\nFIAT &#8211; 2C STILO (2001-2003) 1.8 16V CF4<br \/>\nFIAT &#8211; 2V STILO F.L.L. 2003 (2003-2007) 1.8 16V CF4<br \/>\nALFA ROMEO &#8211; T5 145 GAMMA 97 (1997-1999) 1400 T.S.<br \/>\nALFA ROMEO &#8211; T5 145 GAMMA 97 (1997-1999) 1800 T.S(AR32201)STEP.A \/ 1600 T.S. \/ 1800 T.S.(AR67106) \/ 1800 T.S.16V BRASIL<br \/>\nALFA ROMEO &#8211; T5 145 GAMMA 97 (1997-1999) 2000 T.S(AR32301)STEP.A \/ 2000 T.S.(AR67204) \/ 2000 T.S.16V BRASIL<br \/>\nALFA ROMEO &#8211; W3 145 M.Y. &#8217;99 (1999-2000) 1400 T.S.16V<br \/>\nALFA ROMEO &#8211; W3 145 M.Y. &#8217;99 (1999-2000) 1600 T.S.16V (AR67601) \/ 1800 T.S.16V \/ 1600 T.S. 16V (AR32102)<br \/>\nALFA ROMEO &#8211; W3 145 M.Y. &#8217;99 (1999-2000) 2000 T.S.16V<br \/>\nALFA ROMEO &#8211; T6 146 GAMMA 97 (1997-1999) 1400 T.S. 16V<br \/>\nALFA ROMEO &#8211; T6 146 GAMMA 97 (1997-1999) 1800 T.S.16V STEP.A \/ 1600 T.S. 16V \/ 1800 T.S. 16V<br \/>\nALFA ROMEO &#8211; T6 146 GAMMA 97 (1997-1999) 2000 T.S.16V STEP.A \/ 2000 T.S. 16V<br \/>\nALFA ROMEO &#8211; W4 146 M.Y. &#8217;99 (1999-2000) 1400 T.S.16V<br \/>\nALFA ROMEO &#8211; W4 146 M.Y. &#8217;99 (1999-2000) 1600 T.S.16V (AR67601) \/ 1800 T.S.16V \/ 1600 T.S. 16V (AR32102)<br \/>\nALFA ROMEO &#8211; W4 146 M.Y. &#8217;99 (1999-2000) 2000 T.S.16V<br \/>\nALFA ROMEO &#8211; W8 147 (2000-2010) 1600 TS 16V 76 KW \/ 1600 TS 16V 88KW \/ 2000 TS 16V<br \/>\nALFA ROMEO &#8211; U5 155 ASPIRATO (1992-1996) 2.0 T.S. 16V (MY 95) \/ 2.0 T.S. 16V MY 95 (BRASIL)<br \/>\nALFA ROMEO &#8211; T7 156 BENZINA (1997-2002) 1600 T.S.(AR67601) \/ 1800 T.S. CF2 \/ 1600 T.S. (AR32102) \/ 1600 T.S. (AR32104) \/ 1600 T.S. (AR32103) \/ 1800 T.S. CF3<br \/>\nALFA ROMEO &#8211; T7 156 BENZINA (1997-2002) 2000 T.S. CF2 \/ 2000 T.S. BRASIL \/ 2000 T.S. CF3<br \/>\nALFA ROMEO &#8211; X1 156 M.Y.2002 (2001-2005) 1600 T.S. (AR32104) \/ 1600 T.S. (AR32103) \/ 1800 TS 16V \/ 2000 JTS 16V \/ 2000 TS 16V \/ 2000 JTS 16V BELG.<br \/>\nALFA ROMEO &#8211; W9 166 BZ-DS (1998-2007) 2000 T.S. 16V CF2 \/ 2000 T.S. 16V CF3<br \/>\nALFA ROMEO &#8211; X2 GT (2003-2010) 1800 TS \/ 2000 JTS \/ 2000 JTS BELGIUM<br \/>\nALFA ROMEO &#8211; W0 GTV &#8217;98 (1998-2005) 1800 T.S.16V \/ 2000 T.S. CF2 \/ 2000 T.S. CF3 \/ 2000 JTS<br \/>\nALFA ROMEO &#8211; U9 SPIDER &#8217;98 (1998-2006) 1800 T.S.16V \/ 2000 T.S. CF2 \/ 2000 T.S. CF3 \/ 2000 JTS<br \/>\nLANCIA &#8211; SL DEDRA FL.94 (1994-1999) 1750 16V CEE F2 115CV<br \/>\nLANCIA &#8211; SM DEDRA FL.94 (1994-1999) 1750 16V 132CV<br \/>\nLANCIA &#8211; SX LYBRA BZ (1999-2005) 1.8 16V CF2 \/ 1.8 16V CF3 \/ 1.8 16V CF4<br \/>\nLANCIA &#8211; SF N.DELTA (1993-1999) 1750 CEE F2 16V 115CV<br \/>\nLANCIA &#8211; SG N.DELTA (&#8217;93-&#8217;99) 1750 16V 132CV<br \/>\nLANCIA &#8211; SU Y (1995-2000) 1370 12V 80CV (59 KW) \/ 1370 12V 75CV (55KW)<br \/>\nFIAT PROFESSIONAL &#8211; 1W DOBLO (2000-2004) 1.9 DS CF3<br \/>\nFIAT PROFESSIONAL &#8211; 2W DOBLO MY. 2004 (2004-2005) 1.9\u00a0DS\u00a0ASP\u00a0CF3<br \/>\nFIAT PROFESSIONAL &#8211; 1G STRADA (1999-2005) 1.9 DS CF3<\/p>\n<p>LA PIEZA ES NUEVA Y ORIGINAL.<\/p>\n","protected":false},"excerpt":{"rendered":"<p>Cojinete axial del cig\u00fce\u00f1al de: Sobremedida: Est\u00e1ndar (STD) FIAT &#8211; PK BARCHETTA (1995-2004) 1.8 16V (183A1000) FIAT &#8211; PK BARCHETTA (1995-2004) 1.8 16V (188A6000) FIAT &#8211; 1V BRAVA (1995-1998) 1370 SPI 12V 80CV \/ 1370 SPI 12V 75CV FIAT &#8211; 1V BRAVA (1995-1998) 1800 MPI 16V FIAT &#8211; 1M BRAVA G.98 (1998-2001) 1800 16V FIAT [&hellip;]<\/p>\n","protected":false},"featured_media":99356,"template":"","meta":{"_seopress_robots_primary_cat":"","_seopress_titles_title":"","_seopress_titles_desc":"","_seopress_robots_index":""},"product_cat":[45,46,44,48,49,57,16,80,81,82,85,117,118,87,20,50,55,21,120,95,98,101,107,56,108,109,127],"product_tag":[],"class_list":{"0":"post-99353","1":"product","2":"type-product","3":"status-publish","4":"has-post-thumbnail","6":"product_cat-recambios-alfa-romeo-145","7":"product_cat-recambios-alfa-romeo-146","8":"product_cat-recambios-alfa-romeo-147","9":"product_cat-recambios-alfa-romeo-155","10":"product_cat-recambios-alfa-romeo-156","11":"product_cat-recambios-alfa-romeo-166","12":"product_cat-recambios-alfa-romeo","13":"product_cat-recambios-fiat-barchetta","14":"product_cat-recambios-fiat-brava","15":"product_cat-recambios-fiat-bravo","16":"product_cat-recambios-fiat-coupe","17":"product_cat-recambios-lancia-dedra","18":"product_cat-recambios-lancia-delta","19":"product_cat-recambios-fiat-doblo","20":"product_cat-recambios-fiat","21":"product_cat-recambios-alfa-romeo-gt","22":"product_cat-recambios-alfa-romeo-gtv","23":"product_cat-recambios-lancia","24":"product_cat-recambios-lancia-lybra","25":"product_cat-recambios-fiat-marea","26":"product_cat-recambios-fiat-palio","27":"product_cat-recambios-fiat-punto","28":"product_cat-recambios-fiat-siena","29":"product_cat-recambios-alfa-romeo-spider","30":"product_cat-recambios-fiat-stilo","31":"product_cat-recambios-fiat-strada","32":"product_cat-recambios-lancia-ypsilon","34":"first","35":"instock","36":"taxable","37":"shipping-taxable","38":"purchasable","39":"product-type-simple"},"_links":{"self":[{"href":"https:\/\/galicianparts.com\/shop\/wp-json\/wp\/v2\/product\/99353"}],"collection":[{"href":"https:\/\/galicianparts.com\/shop\/wp-json\/wp\/v2\/product"}],"about":[{"href":"https:\/\/galicianparts.com\/shop\/wp-json\/wp\/v2\/types\/product"}],"wp:featuredmedia":[{"embeddable":true,"href":"https:\/\/galicianparts.com\/shop\/wp-json\/wp\/v2\/media\/99356"}],"wp:attachment":[{"href":"https:\/\/galicianparts.com\/shop\/wp-json\/wp\/v2\/media?parent=99353"}],"wp:term":[{"taxonomy":"product_cat","embeddable":true,"href":"https:\/\/galicianparts.com\/shop\/wp-json\/wp\/v2\/product_cat?post=99353"},{"taxonomy":"product_tag","embeddable":true,"href":"https:\/\/galicianparts.com\/shop\/wp-json\/wp\/v2\/product_tag?post=99353"}],"curies":[{"name":"wp","href":"https:\/\/api.w.org\/{rel}","templated":true}]}}