{"id":99366,"date":"2025-08-20T12:48:09","date_gmt":"2025-08-20T10:48:09","guid":{"rendered":"https:\/\/galicianparts.com\/shop\/producto\/1362672080-soporte-toma-deposito-combustible-fiat-ducato-06-citroen-peugeot-original\/"},"modified":"2026-01-28T13:10:52","modified_gmt":"2026-01-28T11:10:52","slug":"1362672080-soporte-toma-deposito-combustible-fiat-ducato-06-citroen-peugeot-original","status":"publish","type":"product","link":"https:\/\/galicianparts.com\/shop\/producto\/1362672080-soporte-toma-deposito-combustible-fiat-ducato-06-citroen-peugeot-original\/","title":{"rendered":"1362672080 Soporte toma dep\u00f3sito combustible Fiat Ducato (06-&#8230;) Citroen \/Peugeot ORIGINAL"},"content":{"rendered":"<p>Anclaje de la tapa y del tubo de llenado del deposito de carburante de:<br \/>\nFIAT Ducato III Bus (250, 290)<br \/>\n2.2 D 100 Multijet, A\u00f1o 07.2006 &#8211; 05.2011, 2198 ccm, 100 cv<br \/>\n2.3 D 110 Multijet, A\u00f1o 10.2011 &#8211; &#8230;, 2287 ccm, 113 cv<br \/>\n2.3 D 120 Multijet, A\u00f1o 07.2006 &#8211; &#8230;, 2287 ccm, 120 cv<br \/>\n130 Multijet 2,3 D, A\u00f1o 01.2007 &#8211; &#8230;, 2287 ccm, 131 cv<br \/>\n130 Multijet 2.3 D 4&#215;4, A\u00f1o 06.2011 &#8211; &#8230;, 2287 ccm, 131 cv<br \/>\n2.3 D 150 Multijet, A\u00f1o 06.2011 &#8211; &#8230;, 2287 ccm, 148 cv<br \/>\n3.0 D 150 Multijet, A\u00f1o 04.2010 &#8211; &#8230;, 2999 ccm, 146 cv<br \/>\n3.0 D 160 Multijet, A\u00f1o 10.2006 &#8211; &#8230;, 2999 ccm, 156 cv<br \/>\n3.0 D 160 Multijet, A\u00f1o 07.2006 &#8211; &#8230;, 2999 ccm, 158 cv<br \/>\n160 Multijet 3,0 D 4&#215;4, A\u00f1o 07.2006 &#8211; &#8230;, 2999 ccm, 158 cv<br \/>\n180 Multijet 3,0 D, A\u00f1o 06.2011 &#8211; &#8230;, 2999 ccm, 177 cv<br \/>\nFIAT Ducato III Furg\u00f3n (250, 290)<br \/>\n2.2 D 100 Multijet, A\u00f1o 07.2006 &#8211; &#8230;, 2198 ccm, 100 cv<br \/>\n2.3 D 110 Multijet, A\u00f1o 10.2011 &#8211; &#8230;, 2287 ccm, 113 cv<br \/>\n2.0 D 115 Multijet, A\u00f1o 06.2011 &#8211; &#8230;, 1956 ccm, 116 cv<br \/>\n2.3 D 120 Multijet, A\u00f1o 07.2006 &#8211; &#8230;, 2287 ccm, 120 cv<br \/>\n2.3 D 4&#215;4 120 Multijet, A\u00f1o 03.2010 &#8211; &#8230;, 2287 ccm, 120 cv<br \/>\n130 Multijet 2,3 D, A\u00f1o 08.2006 &#8211; &#8230;, 2287 ccm, 131 cv<br \/>\n130 Multijet 2,3 D 4&#215;4, A\u00f1o 06.2011 &#8211; &#8230;, 2287 ccm, 131 cv<br \/>\n2.3 D 150 Multijet, A\u00f1o 06.2011 &#8211; &#8230;, 2287 ccm, 148 cv<br \/>\n3.0 D 150 Multijet, A\u00f1o 04.2010 &#8211; &#8230;, 2999 ccm, 146 cv<br \/>\n3.0 D 160 Multijet, A\u00f1o 07.2006 &#8211; 12.2011, 2999 ccm, 156 cv<br \/>\n3.0 D 160 Multijet, A\u00f1o 07.2006 &#8211; &#8230;, 2999 ccm, 158 cv<br \/>\n160 Multijet 3,0 D 4&#215;4, A\u00f1o 07.2006 &#8211; &#8230;, 2999 ccm, 158 cv<br \/>\nFIAT Ducato III Cami\u00f3n de plataforma \/ Chasis (250, 290)<br \/>\n2.2 D 100 Multijet, A\u00f1o 07.2006 &#8211; &#8230;, 2198 ccm, 100 cv<br \/>\n110 Multijet 2,3 D, A\u00f1o 08.2006 &#8211; &#8230;, 2287 ccm, 111 cv<br \/>\n2.3 D 110 Multijet, A\u00f1o 10.2011 &#8211; &#8230;, 2287 ccm, 113 cv<br \/>\n2.0 D 115 Multijet, A\u00f1o 06.2011 &#8211; &#8230;, 1956 ccm, 116 cv<br \/>\n2.3 D 120 Multijet, A\u00f1o 07.2006 &#8211; &#8230;, 2287 ccm, 120 cv<br \/>\n2.3 D 4&#215;4 120 Multijet, A\u00f1o 03.2010 &#8211; &#8230;, 2287 ccm, 120 cv<br \/>\n130 Multijet 2,3 D, A\u00f1o 08.2006 &#8211; &#8230;, 2287 ccm, 131 cv<br \/>\n2.3 D 150 Multijet, A\u00f1o 06.2011 &#8211; &#8230;, 2287 ccm, 148 cv<br \/>\n3.0 D 150 Multijet, A\u00f1o 04.2010 &#8211; &#8230;, 2999 ccm, 146 cv<br \/>\n3.0 D 160 Multijet, A\u00f1o 07.2006 &#8211; 12.2011, 2999 ccm, 156 cv<br \/>\n3.0 D 160 Multijet, A\u00f1o 07.2006 &#8211; &#8230;, 2999 ccm, 158 cv<br \/>\n180 Multijet 3,0 D, A\u00f1o 06.2011 &#8211; &#8230;, 2999 ccm, 177 cv<\/p>\n<p>CITRO\u00cbN Jumper II Bus (250)<br \/>\n2.2 HDi, A\u00f1o 04.2006 &#8211; &#8230;, 2198 ccm, 101 cv<br \/>\n2.2 HDi, A\u00f1o 07.2011 &#8211; &#8230;, 2198 ccm, 130 cv<br \/>\n2.2 HDi, A\u00f1o 07.2011 &#8211; &#8230;, 2198 ccm, 150 cv<br \/>\n3.0 HDi, A\u00f1o 07.2010 &#8211; &#8230;, 2999 ccm, 157 cv<br \/>\n3.0 HDi, A\u00f1o 09.2006 &#8211; &#8230;, 2999 ccm, 157 cv<br \/>\n3.0 HDi, A\u00f1o 07.2011 &#8211; &#8230;, 2999 ccm, 177 cv<br \/>\nCITRO\u00cbN Jumper II Furgoneta (250)<br \/>\n2.2 HDi, A\u00f1o 04.2006 &#8211; 12.2012, 2198 ccm, 101 cv<br \/>\n2.2 HDi, A\u00f1o 07.2011 &#8211; &#8230;, 2198 ccm, 130 cv<br \/>\n2.2 HDi, A\u00f1o 07.2011 &#8211; &#8230;, 2198 ccm, 150 cv<br \/>\n3.0 HDi, A\u00f1o 07.2010 &#8211; 12.2013, 2999 ccm, 146 cv<br \/>\n3.0 HDi, A\u00f1o 07.2010 &#8211; 12.2015, 2999 ccm, 156 cv<br \/>\n3.0 HDi, A\u00f1o 09.2006 &#8211; 12.2015, 2999 ccm, 157 cv<br \/>\n3.0 HDi, A\u00f1o 07.2011 &#8211; &#8230;, 2999 ccm, 177 cv<br \/>\nCITRO\u00cbN Jumper II Caja \/ Chasis (250)<br \/>\n2.2 HDi, A\u00f1o 04.2006 &#8211; &#8230;, 2198 ccm, 101 cv<br \/>\n2.2 HDi, A\u00f1o 07.2011 &#8211; &#8230;, 2198 ccm, 130 cv<br \/>\n2.2 HDi, A\u00f1o 07.2011 &#8211; &#8230;, 2198 ccm, 150 cv<br \/>\n3.0 HDi, A\u00f1o 07.2010 &#8211; 12.2013, 2999 ccm, 146 cv<br \/>\n3.0 HDi, A\u00f1o 09.2006 &#8211; 12.2015, 2999 ccm, 157 cv<br \/>\n3.0 HDi, A\u00f1o 07.2011 &#8211; &#8230;, 2999 ccm, 177 cv<\/p>\n<p>PEUGEOT Boxer Bus (250)<br \/>\n2.2 HDi, A\u00f1o 04.2006 &#8211; &#8230;, 2198 ccm, 101 cv<br \/>\n2.2 HDi, A\u00f1o 03.2011 &#8211; &#8230;, 2198 ccm, 131 cv<br \/>\n2.2 HDi, A\u00f1o 03.2011 &#8211; &#8230;, 2198 ccm, 150 cv<br \/>\n3.0 HDi, A\u00f1o 04.2010 &#8211; 12.2013, 2999 ccm, 146 cv<br \/>\n3.0 HDi, A\u00f1o 04.2006 &#8211; 12.2015, 2999 ccm, 156 cv<br \/>\n3.0 HDi, A\u00f1o 03.2011 &#8211; &#8230;, 2999 ccm, 177 cv<br \/>\nPEUGEOT Boxer Furg\u00f3n (250)<br \/>\n2.2 HDi, A\u00f1o 04.2006 &#8211; &#8230;, 2198 ccm, 101 cv<br \/>\n2.2 HDi, A\u00f1o 03.2011 &#8211; &#8230;, 2198 ccm, 131 cv<br \/>\n2.2 HDi, A\u00f1o 03.2011 &#8211; &#8230;, 2198 ccm, 150 cv<br \/>\n2.2 HDi 4&#215;4, A\u00f1o 03.2011 &#8211; &#8230;, 2198 ccm, 131 cv<br \/>\n2.2 HDi 4&#215;4, A\u00f1o 03.2011 &#8211; &#8230;, 2198 ccm, 150 cv<br \/>\n3.0 HDi, A\u00f1o 04.2010 &#8211; 12.2013, 2999 ccm, 146 cv<br \/>\n3.0 HDi, A\u00f1o 07.2006 &#8211; 12.2015, 2999 ccm, 156 cv<br \/>\n3.0 HDi, A\u00f1o 04.2006 &#8211; 12.2015, 2999 ccm, 156 cv<br \/>\n3.0 HDi, A\u00f1o 03.2011 &#8211; &#8230;, 2999 ccm, 177 cv<br \/>\nPEUGEOT Boxer Cami\u00f3n de plataforma\/Chasis (250)<br \/>\n2.2 HDi, A\u00f1o 04.2006 &#8211; &#8230;, 2198 ccm, 101 cv<br \/>\n2.2 HDi, A\u00f1o 03.2011 &#8211; &#8230;, 2198 ccm, 131 cv<br \/>\n2.2 HDi, A\u00f1o 03.2011 &#8211; &#8230;, 2198 ccm, 130 cv<br \/>\n2.2 HDi, A\u00f1o 03.2011 &#8211; &#8230;, 2198 ccm, 150 cv<br \/>\n2.2 HDi, A\u00f1o 03.2011 &#8211; &#8230;, 2198 ccm, 150 cv<br \/>\n3.0 HDi, A\u00f1o 04.2010 &#8211; 12.2013, 2999 ccm, 146 cv<br \/>\n3.0 HDi, A\u00f1o 04.2006 &#8211; 12.2015, 2999 ccm, 156 cv<br \/>\n3.0 HDi, A\u00f1o 04.2006 &#8211; 12.2015, 2999 ccm, 156 cv<br \/>\n3.0 HDi, A\u00f1o 03.2011 &#8211; &#8230;, 2999 ccm, 177 cv<br \/>\nLA PIEZA ES NUEVA Y ORIGINAL.<\/p>\n","protected":false},"excerpt":{"rendered":"<p>Anclaje de la tapa y del tubo de llenado del deposito de carburante de: FIAT Ducato III Bus (250, 290) 2.2 D 100 Multijet, A\u00f1o 07.2006 &#8211; 05.2011, 2198 ccm, 100 cv 2.3 D 110 Multijet, A\u00f1o 10.2011 &#8211; &#8230;, 2287 ccm, 113 cv 2.3 D 120 Multijet, A\u00f1o 07.2006 &#8211; &#8230;, 2287 ccm, 120 [&hellip;]<\/p>\n","protected":false},"featured_media":99369,"template":"","meta":{"_seopress_robots_primary_cat":"","_seopress_titles_title":"","_seopress_titles_desc":"","_seopress_robots_index":""},"product_cat":[155,23,88,20,137,24],"product_tag":[],"class_list":{"0":"post-99366","1":"product","2":"type-product","3":"status-publish","4":"has-post-thumbnail","6":"product_cat-recambios-peugeot-boxer","7":"product_cat-recambios-citroen","8":"product_cat-recambios-fiat-ducato","9":"product_cat-recambios-fiat","10":"product_cat-recambios-citroen-jumper","11":"product_cat-recambios-peugeot","13":"first","14":"instock","15":"taxable","16":"shipping-taxable","17":"purchasable","18":"product-type-simple"},"_links":{"self":[{"href":"https:\/\/galicianparts.com\/shop\/wp-json\/wp\/v2\/product\/99366"}],"collection":[{"href":"https:\/\/galicianparts.com\/shop\/wp-json\/wp\/v2\/product"}],"about":[{"href":"https:\/\/galicianparts.com\/shop\/wp-json\/wp\/v2\/types\/product"}],"wp:featuredmedia":[{"embeddable":true,"href":"https:\/\/galicianparts.com\/shop\/wp-json\/wp\/v2\/media\/99369"}],"wp:attachment":[{"href":"https:\/\/galicianparts.com\/shop\/wp-json\/wp\/v2\/media?parent=99366"}],"wp:term":[{"taxonomy":"product_cat","embeddable":true,"href":"https:\/\/galicianparts.com\/shop\/wp-json\/wp\/v2\/product_cat?post=99366"},{"taxonomy":"product_tag","embeddable":true,"href":"https:\/\/galicianparts.com\/shop\/wp-json\/wp\/v2\/product_tag?post=99366"}],"curies":[{"name":"wp","href":"https:\/\/api.w.org\/{rel}","templated":true}]}}