{"id":99446,"date":"2025-08-22T10:16:25","date_gmt":"2025-08-22T08:16:25","guid":{"rendered":"https:\/\/galicianparts.com\/shop\/producto\/46769297-tubo-refrigerante-admision-m-1-9jtd-fiat-punto-doblo-idea-lancia-musa-original\/"},"modified":"2025-08-22T10:19:06","modified_gmt":"2025-08-22T08:19:06","slug":"46769297-tubo-refrigerante-admision-m-1-9jtd-fiat-punto-doblo-idea-lancia-musa-original","status":"publish","type":"product","link":"https:\/\/galicianparts.com\/shop\/producto\/46769297-tubo-refrigerante-admision-m-1-9jtd-fiat-punto-doblo-idea-lancia-musa-original\/","title":{"rendered":"46769297 Tubo refrigerante admisi\u00f3n M 1.9JTD Fiat Punto \/Doblo \/Idea \/Lancia Musa ORIGINAL"},"content":{"rendered":"<p>Manguito de refrigeraci\u00f3n del colector de admisi\u00f3n de:<br \/>\nLargo: 133mm<br \/>\nDi\u00e1metro interior: 6mm<\/p>\n<p>FIAT &#8211; 2S IDEA (2003-2008)  1910\u00a08V\u00a0JTD\u00a0100CV\/74KW<br \/>\nFIAT &#8211; 4D IDEA (2008-2012) 1800-1899CC<br \/>\nFIAT &#8211; 1P PUNTO DS (1999-2003) 1.9 JTD 80 CV \/ 1.9 JTD 85 CV<br \/>\nFIAT &#8211; 2U PUNTO FL.&#8217;03 (2003-2010) 1910 JTD 85CV\/63 KW<br \/>\nFIAT &#8211; 2U PUNTO FL.&#8217;03 (2003-2010) 1910 JTD 74 KW\/100CV<br \/>\nLANCIA &#8211; TG MUSA (2004-2007) 1910\u00a08V\u00a0JTD\u00a0CF4\u00a0100CV\/74KW<br \/>\nLANCIA &#8211; TJ MUSA (2007-2011) (1800-1899 CC)<br \/>\nFIAT PROFESSIONAL &#8211; 1W DOBLO (2000-2004) 1910 JTD CF3 \/ 1910 JTD CF3 105 CV<br \/>\nFIAT PROFESSIONAL &#8211; 2W DOBLO MY. 2004 (2004-2005) 1.9 JTD CF3 105HP<br \/>\nFIAT PROFESSIONAL &#8211; 3C DOBLO REST. 2005 (2005-&#8230;.) 1910\u00a0JTD\u00a08V\u00a0CF4\u00a0105CV\/77KW \/ 1910\u00a0JTD\u00a08V\u00a0CF4\u00a0100CV\/74KW \/ 1910\u00a0JTD\u00a08V\u00a0CF4\u00a0120CV\/88KW<\/p>\n<p>LA PIEZA ES NUEVA Y ORIGINAL.<\/p>\n","protected":false},"excerpt":{"rendered":"<p>Manguito de refrigeraci\u00f3n del colector de admisi\u00f3n de: Largo: 133mm Di\u00e1metro interior: 6mm FIAT &#8211; 2S IDEA (2003-2008) 1910\u00a08V\u00a0JTD\u00a0100CV\/74KW FIAT &#8211; 4D IDEA (2008-2012) 1800-1899CC FIAT &#8211; 1P PUNTO DS (1999-2003) 1.9 JTD 80 CV \/ 1.9 JTD 85 CV FIAT &#8211; 2U PUNTO FL.&#8217;03 (2003-2010) 1910 JTD 85CV\/63 KW FIAT &#8211; 2U PUNTO FL.&#8217;03 [&hellip;]<\/p>\n","protected":false},"featured_media":99449,"template":"","meta":{"_seopress_robots_primary_cat":"","_seopress_titles_title":"","_seopress_titles_desc":"","_seopress_robots_index":""},"product_cat":[87,20,93,21,121,101],"product_tag":[],"class_list":{"0":"post-99446","1":"product","2":"type-product","3":"status-publish","4":"has-post-thumbnail","6":"product_cat-recambios-fiat-doblo","7":"product_cat-recambios-fiat","8":"product_cat-recambios-fiat-idea","9":"product_cat-recambios-lancia","10":"product_cat-recambios-lancia-musa","11":"product_cat-recambios-fiat-punto","13":"first","14":"instock","15":"taxable","16":"shipping-taxable","17":"purchasable","18":"product-type-simple"},"_links":{"self":[{"href":"https:\/\/galicianparts.com\/shop\/wp-json\/wp\/v2\/product\/99446"}],"collection":[{"href":"https:\/\/galicianparts.com\/shop\/wp-json\/wp\/v2\/product"}],"about":[{"href":"https:\/\/galicianparts.com\/shop\/wp-json\/wp\/v2\/types\/product"}],"wp:featuredmedia":[{"embeddable":true,"href":"https:\/\/galicianparts.com\/shop\/wp-json\/wp\/v2\/media\/99449"}],"wp:attachment":[{"href":"https:\/\/galicianparts.com\/shop\/wp-json\/wp\/v2\/media?parent=99446"}],"wp:term":[{"taxonomy":"product_cat","embeddable":true,"href":"https:\/\/galicianparts.com\/shop\/wp-json\/wp\/v2\/product_cat?post=99446"},{"taxonomy":"product_tag","embeddable":true,"href":"https:\/\/galicianparts.com\/shop\/wp-json\/wp\/v2\/product_tag?post=99446"}],"curies":[{"name":"wp","href":"https:\/\/api.w.org\/{rel}","templated":true}]}}