{"id":99452,"date":"2025-08-22T10:37:05","date_gmt":"2025-08-22T08:37:05","guid":{"rendered":"https:\/\/galicianparts.com\/shop\/producto\/47301834-cableado-electrico-asiento-alfa-romeo-156-1997-2005-nuevo-original\/"},"modified":"2025-08-22T10:38:14","modified_gmt":"2025-08-22T08:38:14","slug":"47301834-cableado-electrico-asiento-alfa-romeo-156-1997-2005-nuevo-original","status":"publish","type":"product","link":"https:\/\/galicianparts.com\/shop\/producto\/47301834-cableado-electrico-asiento-alfa-romeo-156-1997-2005-nuevo-original\/","title":{"rendered":"47301834 Cableado el\u00e9ctrico asiento Alfa Romeo 156 (1997-2005) NUEVO ORIGINAL"},"content":{"rendered":"<p>Instalaci\u00f3n el\u00e9ctrica de los asientos delanteros de:<br \/>\nALFA ROMEO &#8211; T7 156 BENZINA (1997-2002) ANATOMIC SEATS<br \/>\nALFA ROMEO &#8211; X1 156 M.Y.2002 BZ\/DS (2001-2005) ANATOMIC SEATS \/ (BN PROGRESSION \/ SW PROGRESSION \/ BN DISTINCTIVE \/ SW DISTINCTIVE)<br \/>\nALFA ROMEO &#8211; X1 156 M.Y.2002 (2001-2005) BN GTA \/ SW GTA<br \/>\nALFA ROMEO &#8211; T8 156 TD.ID. (1997-2002) ANATOMIC SEATS<\/p>\n<p>LA PIEZA ES NUEVA Y ORIGINAL.<\/p>\n","protected":false},"excerpt":{"rendered":"<p>Instalaci\u00f3n el\u00e9ctrica de los asientos delanteros de: ALFA ROMEO &#8211; T7 156 BENZINA (1997-2002) ANATOMIC SEATS ALFA ROMEO &#8211; X1 156 M.Y.2002 BZ\/DS (2001-2005) ANATOMIC SEATS \/ (BN PROGRESSION \/ SW PROGRESSION \/ BN DISTINCTIVE \/ SW DISTINCTIVE) ALFA ROMEO &#8211; X1 156 M.Y.2002 (2001-2005) BN GTA \/ SW GTA ALFA ROMEO &#8211; T8 156 [&hellip;]<\/p>\n","protected":false},"featured_media":99456,"template":"","meta":{"_seopress_robots_primary_cat":"","_seopress_titles_title":"","_seopress_titles_desc":"","_seopress_robots_index":""},"product_cat":[49,16],"product_tag":[],"class_list":{"0":"post-99452","1":"product","2":"type-product","3":"status-publish","4":"has-post-thumbnail","6":"product_cat-recambios-alfa-romeo-156","7":"product_cat-recambios-alfa-romeo","9":"first","10":"instock","11":"taxable","12":"shipping-taxable","13":"purchasable","14":"product-type-simple"},"_links":{"self":[{"href":"https:\/\/galicianparts.com\/shop\/wp-json\/wp\/v2\/product\/99452"}],"collection":[{"href":"https:\/\/galicianparts.com\/shop\/wp-json\/wp\/v2\/product"}],"about":[{"href":"https:\/\/galicianparts.com\/shop\/wp-json\/wp\/v2\/types\/product"}],"wp:featuredmedia":[{"embeddable":true,"href":"https:\/\/galicianparts.com\/shop\/wp-json\/wp\/v2\/media\/99456"}],"wp:attachment":[{"href":"https:\/\/galicianparts.com\/shop\/wp-json\/wp\/v2\/media?parent=99452"}],"wp:term":[{"taxonomy":"product_cat","embeddable":true,"href":"https:\/\/galicianparts.com\/shop\/wp-json\/wp\/v2\/product_cat?post=99452"},{"taxonomy":"product_tag","embeddable":true,"href":"https:\/\/galicianparts.com\/shop\/wp-json\/wp\/v2\/product_tag?post=99452"}],"curies":[{"name":"wp","href":"https:\/\/api.w.org\/{rel}","templated":true}]}}