{"id":99483,"date":"2025-08-22T12:24:03","date_gmt":"2025-08-22T10:24:03","guid":{"rendered":"https:\/\/galicianparts.com\/shop\/producto\/46475042-cableado-electrico-calentadores-m-1-9td-fiat-bravo-marea-brava-nuevo-original\/"},"modified":"2025-08-22T12:26:57","modified_gmt":"2025-08-22T10:26:57","slug":"46475042-cableado-electrico-calentadores-m-1-9td-fiat-bravo-marea-brava-nuevo-original","status":"publish","type":"product","link":"https:\/\/galicianparts.com\/shop\/producto\/46475042-cableado-electrico-calentadores-m-1-9td-fiat-bravo-marea-brava-nuevo-original\/","title":{"rendered":"46475042 Cableado el\u00e9ctrico calentadores M 1.9TD Fiat Bravo \/Marea \/Brava NUEVO ORIGINAL"},"content":{"rendered":"<p>Instalaci\u00f3n el\u00e9ctrica de las buj\u00edas de precalentamiento de:<\/p>\n<p>FIAT &#8211; 1V BRAVA (1995-1998) 1910 TB\/DS 100CV<br \/>\nFIAT &#8211; 1M BRAVA G.98 (1998-2001) 1910 TD (100 CV)<br \/>\nFIAT &#8211; 1U BRAVO (1995-1998) 1910 TB\/DS 100CV<br \/>\nFIAT &#8211; 1L BRAVO G.98 (1998-2001) 1910 TD (100 CV)<br \/>\nFIAT &#8211; PU MAREA DIESEL (1996-1999) 1910 TD (100CV) \/ 1910 TD SOFT (75CV)<\/p>\n<p>LA PIEZA ES NUEVA Y ORIGINAL.<\/p>\n","protected":false},"excerpt":{"rendered":"<p>Instalaci\u00f3n el\u00e9ctrica de las buj\u00edas de precalentamiento de: FIAT &#8211; 1V BRAVA (1995-1998) 1910 TB\/DS 100CV FIAT &#8211; 1M BRAVA G.98 (1998-2001) 1910 TD (100 CV) FIAT &#8211; 1U BRAVO (1995-1998) 1910 TB\/DS 100CV FIAT &#8211; 1L BRAVO G.98 (1998-2001) 1910 TD (100 CV) FIAT &#8211; PU MAREA DIESEL (1996-1999) 1910 TD (100CV) \/ 1910 [&hellip;]<\/p>\n","protected":false},"featured_media":99486,"template":"","meta":{"_seopress_robots_primary_cat":"","_seopress_titles_title":"","_seopress_titles_desc":"","_seopress_robots_index":""},"product_cat":[81,82,20,95],"product_tag":[],"class_list":{"0":"post-99483","1":"product","2":"type-product","3":"status-publish","4":"has-post-thumbnail","6":"product_cat-recambios-fiat-brava","7":"product_cat-recambios-fiat-bravo","8":"product_cat-recambios-fiat","9":"product_cat-recambios-fiat-marea","11":"first","12":"instock","13":"taxable","14":"shipping-taxable","15":"purchasable","16":"product-type-simple"},"_links":{"self":[{"href":"https:\/\/galicianparts.com\/shop\/wp-json\/wp\/v2\/product\/99483"}],"collection":[{"href":"https:\/\/galicianparts.com\/shop\/wp-json\/wp\/v2\/product"}],"about":[{"href":"https:\/\/galicianparts.com\/shop\/wp-json\/wp\/v2\/types\/product"}],"wp:featuredmedia":[{"embeddable":true,"href":"https:\/\/galicianparts.com\/shop\/wp-json\/wp\/v2\/media\/99486"}],"wp:attachment":[{"href":"https:\/\/galicianparts.com\/shop\/wp-json\/wp\/v2\/media?parent=99483"}],"wp:term":[{"taxonomy":"product_cat","embeddable":true,"href":"https:\/\/galicianparts.com\/shop\/wp-json\/wp\/v2\/product_cat?post=99483"},{"taxonomy":"product_tag","embeddable":true,"href":"https:\/\/galicianparts.com\/shop\/wp-json\/wp\/v2\/product_tag?post=99483"}],"curies":[{"name":"wp","href":"https:\/\/api.w.org\/{rel}","templated":true}]}}