{"id":99652,"date":"2025-08-28T10:24:52","date_gmt":"2025-08-28T08:24:52","guid":{"rendered":"https:\/\/galicianparts.com\/shop\/producto\/9613674680-tornillo-culata-m12x15-fiat-ducato-94-05-scudo-ulysse-citroen-peugeot-original\/"},"modified":"2025-08-29T09:47:25","modified_gmt":"2025-08-29T07:47:25","slug":"9613674680-tornillo-culata-m12x15-fiat-ducato-94-05-scudo-ulysse-citroen-peugeot-original","status":"publish","type":"product","link":"https:\/\/galicianparts.com\/shop\/producto\/9613674680-tornillo-culata-m12x15-fiat-ducato-94-05-scudo-ulysse-citroen-peugeot-original\/","title":{"rendered":"9613674680 Tornillo culata M12x1,5 Fiat Ducato (94-05) Scudo \/Ulysse \/Citroen \/Peugeot ORIGINAL"},"content":{"rendered":"<p>Tornillo de la culata del motor de:<br \/>\nM\u00e9trica: 12&#215;1.5<br \/>\nLargo total: 160mm<\/p>\n<p>FIAT Ducato II Furg\u00f3n (230L)<br \/>\n1.9 TD, A\u00f1o 05.1998 &#8211; 11.2001, 1905 ccm, 80 cv<br \/>\n1.9 TD, A\u00f1o 04.1998 &#8211; 04.2002, 1905 ccm, 90 cv<br \/>\nFIAT Ulysse I (220)<br \/>\n1.9 TD, A\u00f1o 02.1995 &#8211; 08.2002, 1905 ccm, 90 cv<br \/>\nFIAT Scudo I Familiar (220)<br \/>\n1.9 TD, A\u00f1o 02.1996 &#8211; 12.2006, 1905 ccm, 92 cv<br \/>\n1.9 TD Eco, A\u00f1o 02.1996 &#8211; 12.2006, 1905 ccm, 90 cv<br \/>\nFIAT Ducato II Bus (230)<br \/>\n1.9 D, A\u00f1o 05.1998 &#8211; 11.2001, 1905 ccm, 80 cv<br \/>\n1.9 TD, A\u00f1o 04.1998 &#8211; 04.2002, 1905 ccm, 90 cv<br \/>\nFIAT Scudo I Furg\u00f3n (220)<br \/>\n1.9 TD, A\u00f1o 02.1996 &#8211; 12.2006, 1905 ccm, 90 cv<br \/>\n1.9 TD, A\u00f1o 02.1998 &#8211; 12.2006, 1905 ccm, 92 cv<br \/>\nFIAT Ducato II Cami\u00f3n de plataforma\/Chasis (230)<br \/>\n1.9 TD, A\u00f1o 05.1998 &#8211; 11.2001, 1905 ccm, 80 cv<br \/>\n1.9 TD, A\u00f1o 04.1998 &#8211; 04.2002, 1905 ccm, 90 cv<br \/>\nFIAT Scudo I Cami\u00f3n de plataforma\/Chasis (220)<br \/>\n1.9 TD, A\u00f1o 09.1996 &#8211; 12.2006, 1905 ccm, 92 cv<\/p>\n<p>CITRO\u00cbN Xantia Hatchback (X1, X2)<br \/>\n1.9 Turbo D, A\u00f1o 05.1993 &#8211; 04.2003, 1905 ccm, 90 cv<br \/>\nCITRO\u00cbN ZX Hatchback (N2)<br \/>\n1.9 DT, A\u00f1o 07.1994 &#8211; 10.1997, 1905 ccm, 88 cv<br \/>\n1.9 DT, A\u00f1o 06.1992 &#8211; 06.1994, 1905 ccm, 92 cv<br \/>\n1.9 TD, A\u00f1o 07.1992 &#8211; 06.1997, 1905 ccm, 90 cv<br \/>\nCITRO\u00cbN Xantia Familiar (X1, X2)<br \/>\n1.9 Turbo D, A\u00f1o 06.1995 &#8211; 04.2003, 1905 ccm, 90 cv<br \/>\nCITRO\u00cbN Xsara Hatchback (N1)<br \/>\n1.9 TD, A\u00f1o 04.1997 &#8211; 09.2000, 1905 ccm, 90 cv<br \/>\nCITRO\u00cbN Xsara Familiar (N2)<br \/>\n1.9 TD, A\u00f1o 10.1997 &#8211; 09.2000, 1905 ccm, 90 cv<br \/>\nCITRO\u00cbN Xsara Coup\u00e9 (N0)<br \/>\n1.9 TD, A\u00f1o 02.1998 &#8211; 09.2000, 1905 ccm, 90 cv<br \/>\nCITRO\u00cbN ZX Familiar (N2)<br \/>\n1.9 TD, A\u00f1o 10.1993 &#8211; 10.1997, 1905 ccm, 90 cv<br \/>\nCITRO\u00cbN Jumpy I Furgoneta<br \/>\n1.9 DT, A\u00f1o 10.1995 &#8211; 08.2000, 1905 ccm, 88 cv<br \/>\nCITRO\u00cbN Jumpy I Caja \/ Chasis<br \/>\n1.9 TD, A\u00f1o 10.1999 &#8211; 10.2006, 1905 ccm, 92 cv<br \/>\nCITRO\u00cbN Xsara Furgoneta \/ Hatchback (N3)<br \/>\n1.9 D, A\u00f1o 05.1998 &#8211; 08.2000, 1905 ccm, 88 cv<br \/>\nCITRO\u00cbN Xantia Furgoneta \/ Familiar (X2)<br \/>\n1.9 DT, A\u00f1o 01.1998 &#8211; 12.2000, 1905 ccm, 90 cv<\/p>\n<p>PEUGEOT 806 MPV<br \/>\n1.9 TD, A\u00f1o 07.1995 &#8211; 08.2002, 1905 ccm, 90 cv<br \/>\n1.9 TD, A\u00f1o 05.1997 &#8211; 08.2002, 1905 ccm, 92 cv<br \/>\nPEUGEOT 306 Hatchback<br \/>\n1.9 D, A\u00f1o 01.1993 &#8211; 12.1997, 1905 ccm, 92 cv<br \/>\n1.9 DT, A\u00f1o 05.1993 &#8211; 05.2001, 1905 ccm, 90 cv<br \/>\nPEUGEOT 306 Berlina<br \/>\n1.9 D, A\u00f1o 02.1994 &#8211; 12.1997, 1905 ccm, 92 cv<br \/>\n1.9 SRDT, A\u00f1o 06.1994 &#8211; 05.2001, 1905 ccm, 90 cv<br \/>\nPEUGEOT Boxer Bus (230)<br \/>\n1.9 TD, A\u00f1o 08.1994 &#8211; 04.2002, 1905 ccm, 90 cv<br \/>\nPEUGEOT 406 Berlina (A\u00f1o 10.1995 &#8211; 01.2005)<br \/>\n1.9 TD, A\u00f1o 01.1996 &#8211; 05.2004, 1905 ccm, 90 cv<br \/>\n1.9 TD, A\u00f1o 01.1996 &#8211; 05.2004, 1905 ccm, 92 cv<br \/>\n1.9 TD, A\u00f1o 10.1995 &#8211; 10.1997, 1905 ccm, 94 cv<br \/>\nPEUGEOT Expert I (224)<br \/>\n1.9 D, A\u00f1o 10.1995 &#8211; 05.1998, 1905 ccm, 94 cv<br \/>\n1.9 TD, A\u00f1o 02.1996 &#8211; 09.2000, 1905 ccm, 90 cv<br \/>\n1.9 TD, A\u00f1o 02.1996 &#8211; 05.1998, 1905 ccm, 92 cv<br \/>\nPEUGEOT 406 Familiar<br \/>\n1.9 TD, A\u00f1o 10.1996 &#8211; 10.2004, 1905 ccm, 90 cv<br \/>\nPEUGEOT Boxer Furg\u00f3n (230)<br \/>\n1.9 TD, A\u00f1o 07.1999 &#8211; 04.2002, 1905 ccm, 90 cv<br \/>\nPEUGEOT Expert I Furg\u00f3n<br \/>\n1.9 TD, A\u00f1o 02.1996 &#8211; 09.2000, 1905 ccm, 90 cv<br \/>\n1.9 TD, A\u00f1o 02.1996 &#8211; 05.1998, 1905 ccm, 92 cv<br \/>\nPEUGEOT Expert I Cami\u00f3n de plataforma\/Chasis<br \/>\n1.9 TD, A\u00f1o 02.1996 &#8211; 09.2000, 1905 ccm, 90 cv<br \/>\n1.9 TD, A\u00f1o 02.1996 &#8211; 05.1998, 1905 ccm, 92 cv<br \/>\nPEUGEOT 306 Familiar<br \/>\n1.9 TD, A\u00f1o 02.1997 &#8211; 04.2002, 1905 ccm, 90 cv<br \/>\n1.9 TD, A\u00f1o 01.1999 &#8211; 04.2002, 1905 ccm, 92 cv<br \/>\nPEUGEOT Boxer Cami\u00f3n de plataforma\/Chasis (230)<br \/>\n1.9 TD, A\u00f1o 06.1994 &#8211; 04.2002, 1905 ccm, 90 cv<br \/>\nPEUGEOT 806 Furgoneta (AF)<br \/>\nTD (AFDHXC), A\u00f1o 07.1995 &#8211; 08.2002, 1905 ccm, 90 cv<\/p>\n<p>LA PIEZA ES NUEVA Y ORIGINAL.<\/p>\n","protected":false},"excerpt":{"rendered":"<p>Tornillo de la culata del motor de: M\u00e9trica: 12&#215;1.5 Largo total: 160mm FIAT Ducato II Furg\u00f3n (230L) 1.9 TD, A\u00f1o 05.1998 &#8211; 11.2001, 1905 ccm, 80 cv 1.9 TD, A\u00f1o 04.1998 &#8211; 04.2002, 1905 ccm, 90 cv FIAT Ulysse I (220) 1.9 TD, A\u00f1o 02.1995 &#8211; 08.2002, 1905 ccm, 90 cv FIAT Scudo I Familiar [&hellip;]<\/p>\n","protected":false},"featured_media":99656,"template":"","meta":{"_seopress_robots_primary_cat":"","_seopress_titles_title":"","_seopress_titles_desc":"","_seopress_robots_index":""},"product_cat":[147,151,189,155,23,88,156,20,138,24,104,113,141,143,144],"product_tag":[],"class_list":{"0":"post-99652","1":"product","2":"type-product","3":"status-publish","4":"has-post-thumbnail","6":"product_cat-recambios-peugeot-306","7":"product_cat-recambios-peugeot-406","8":"product_cat-recambios-peugeot-806","9":"product_cat-recambios-peugeot-boxer","10":"product_cat-recambios-citroen","11":"product_cat-recambios-fiat-ducato","12":"product_cat-recambios-peugeot-expert","13":"product_cat-recambios-fiat","14":"product_cat-recambios-citroen-jumpy","15":"product_cat-recambios-peugeot","16":"product_cat-recambios-fiat-scudo","17":"product_cat-recambios-fiat-ulysse","18":"product_cat-recambios-citroen-xantia","19":"product_cat-recambios-citroen-xsara","20":"product_cat-recambios-citroen-zx","22":"first","23":"instock","24":"taxable","25":"shipping-taxable","26":"purchasable","27":"product-type-simple"},"_links":{"self":[{"href":"https:\/\/galicianparts.com\/shop\/wp-json\/wp\/v2\/product\/99652"}],"collection":[{"href":"https:\/\/galicianparts.com\/shop\/wp-json\/wp\/v2\/product"}],"about":[{"href":"https:\/\/galicianparts.com\/shop\/wp-json\/wp\/v2\/types\/product"}],"wp:featuredmedia":[{"embeddable":true,"href":"https:\/\/galicianparts.com\/shop\/wp-json\/wp\/v2\/media\/99656"}],"wp:attachment":[{"href":"https:\/\/galicianparts.com\/shop\/wp-json\/wp\/v2\/media?parent=99652"}],"wp:term":[{"taxonomy":"product_cat","embeddable":true,"href":"https:\/\/galicianparts.com\/shop\/wp-json\/wp\/v2\/product_cat?post=99652"},{"taxonomy":"product_tag","embeddable":true,"href":"https:\/\/galicianparts.com\/shop\/wp-json\/wp\/v2\/product_tag?post=99652"}],"curies":[{"name":"wp","href":"https:\/\/api.w.org\/{rel}","templated":true}]}}