{"id":99700,"date":"2025-08-28T13:37:50","date_gmt":"2025-08-28T11:37:50","guid":{"rendered":"https:\/\/galicianparts.com\/shop\/producto\/9753210080-casquillo-superior-horquilla-butee-fiat-scudo-ulysse-citroen-peugeot-original\/"},"modified":"2025-08-29T09:55:40","modified_gmt":"2025-08-29T07:55:40","slug":"9753210080-casquillo-superior-horquilla-butee-fiat-scudo-ulysse-citroen-peugeot-original","status":"publish","type":"product","link":"https:\/\/galicianparts.com\/shop\/producto\/9753210080-casquillo-superior-horquilla-butee-fiat-scudo-ulysse-citroen-peugeot-original\/","title":{"rendered":"9753210080 Casquillo superior horquilla butee Fiat Scudo \/Ulysse \/Citroen \/Peugeot ORIGINAL"},"content":{"rendered":"<p>Casquillo superior de pl\u00e1stico del eje empujador de la butee del embrague del cambio de:<br \/>\nDi\u00e1metro interior: 21.2mm<br \/>\nDi\u00e1metro exterior: 31.9mm<br \/>\nAltura: 23mm<\/p>\n<p>FIAT &#8211; PG ULYSSE (1994-2002) 2000 IE \/ 1750 I.E. CEE FASE 2 \/ 2701 &#8211; ADOPCION NUEVAS HORQUILLAS Y BARRAS ACCIONAMENTO CAMBIO (DAT 15\/03\/1997)<br \/>\nFIAT PROFESSIONAL &#8211; PL SCUDO (1995-2004) 1580 BZ \/ 1905 DS<br \/>\nFIAT PROFESSIONAL &#8211; PL SCUDO (1995-2004) 1867 DS CF2<br \/>\nCITROEN &#8211; JUMPY<br \/>\nCITROEN &#8211; EVASION<br \/>\nPEUGEOT &#8211; EXPERT<br \/>\nPEUGEOT &#8211; 806<br \/>\nLA PIEZA ES NUEVA Y ORIGINAL.<\/p>\n","protected":false},"excerpt":{"rendered":"<p>Casquillo superior de pl\u00e1stico del eje empujador de la butee del embrague del cambio de: Di\u00e1metro interior: 21.2mm Di\u00e1metro exterior: 31.9mm Altura: 23mm FIAT &#8211; PG ULYSSE (1994-2002) 2000 IE \/ 1750 I.E. CEE FASE 2 \/ 2701 &#8211; ADOPCION NUEVAS HORQUILLAS Y BARRAS ACCIONAMENTO CAMBIO (DAT 15\/03\/1997) FIAT PROFESSIONAL &#8211; PL SCUDO (1995-2004) 1580 [&hellip;]<\/p>\n","protected":false},"featured_media":99705,"template":"","meta":{"_seopress_robots_primary_cat":"","_seopress_titles_title":"","_seopress_titles_desc":"","_seopress_robots_index":""},"product_cat":[189,23,188,156,20,138,24,104,113],"product_tag":[],"class_list":{"0":"post-99700","1":"product","2":"type-product","3":"status-publish","4":"has-post-thumbnail","6":"product_cat-recambios-peugeot-806","7":"product_cat-recambios-citroen","8":"product_cat-recambios-citroen-evasion","9":"product_cat-recambios-peugeot-expert","10":"product_cat-recambios-fiat","11":"product_cat-recambios-citroen-jumpy","12":"product_cat-recambios-peugeot","13":"product_cat-recambios-fiat-scudo","14":"product_cat-recambios-fiat-ulysse","16":"first","17":"instock","18":"taxable","19":"shipping-taxable","20":"purchasable","21":"product-type-simple"},"_links":{"self":[{"href":"https:\/\/galicianparts.com\/shop\/wp-json\/wp\/v2\/product\/99700"}],"collection":[{"href":"https:\/\/galicianparts.com\/shop\/wp-json\/wp\/v2\/product"}],"about":[{"href":"https:\/\/galicianparts.com\/shop\/wp-json\/wp\/v2\/types\/product"}],"wp:featuredmedia":[{"embeddable":true,"href":"https:\/\/galicianparts.com\/shop\/wp-json\/wp\/v2\/media\/99705"}],"wp:attachment":[{"href":"https:\/\/galicianparts.com\/shop\/wp-json\/wp\/v2\/media?parent=99700"}],"wp:term":[{"taxonomy":"product_cat","embeddable":true,"href":"https:\/\/galicianparts.com\/shop\/wp-json\/wp\/v2\/product_cat?post=99700"},{"taxonomy":"product_tag","embeddable":true,"href":"https:\/\/galicianparts.com\/shop\/wp-json\/wp\/v2\/product_tag?post=99700"}],"curies":[{"name":"wp","href":"https:\/\/api.w.org\/{rel}","templated":true}]}}