{"id":99784,"date":"2025-09-04T14:16:01","date_gmt":"2025-09-04T12:16:01","guid":{"rendered":"https:\/\/galicianparts.com\/shop\/producto\/7768650-deposito-liquido-direccion-lancia-delta-ii-dedra-fiat-coupe-bravo-original\/"},"modified":"2025-10-07T15:28:08","modified_gmt":"2025-10-07T13:28:08","slug":"7768650-deposito-liquido-direccion-lancia-delta-ii-dedra-fiat-coupe-bravo-original","status":"publish","type":"product","link":"https:\/\/galicianparts.com\/shop\/producto\/7768650-deposito-liquido-direccion-lancia-delta-ii-dedra-fiat-coupe-bravo-original\/","title":{"rendered":"7768650 Deposito l\u00edquido direcci\u00f3n Lancia Delta II \/Dedra \/Fiat Coupe \/Bravo ORIGINAL"},"content":{"rendered":"<p>Dep\u00f3sito del l\u00edquido de la cremallera de servodirecci\u00f3n de:<br \/>\nFIAT &#8211; 1V BRAVA (1995-1998) 1580 MPI 16V 103CV \/ 1580 MPI 16V 90CV \/ 1580 MPI 16V EM 04 \/ 1800 MPI 16V \/ 1910 TB\/DS 100CV \/ 1910 TB\/DS 75CV<br \/>\nFIAT &#8211; 1M BRAVA G.98 (1998-2001) 1600 16V \/ 1600 16V EM.04<br \/>\nFIAT &#8211; 1M BRAVA G.98 (1998-2001) 1800 16V<br \/>\nFIAT &#8211; 1M BRAVA G.98 (1998-2001) 1910 TD (75 CV) \/ 1910 TD (100 CV)<br \/>\nFIAT &#8211; 1M BRAVA G.98 (1998-2001) 1910 JTD (105 CV) \/ 1910 JTD CF3<br \/>\nFIAT &#8211; 1U BRAVO (1995-1998) 1580 MPI 16V 103CV \/ 1580 MPI 16V 90CV<br \/>\nFIAT &#8211; 1U BRAVO (1995-1998) 1800 16V<br \/>\nFIAT &#8211; 1U BRAVO (1995-1998) 2000 20V<br \/>\nFIAT &#8211; 1U BRAVO (1995-1998) 1910 TB\/DS 100CV \/ 1910 TB\/DS 75CV<br \/>\nFIAT &#8211; 1L BRAVO G.98 (1998-2001) 1600 16V \/ 1600 16V \u00abSX\u00bb(RICONVERTITA)<br \/>\nFIAT &#8211; 1L BRAVO G.98 (1998-2001) 1800 16V<br \/>\nFIAT &#8211; 1L BRAVO G.98 (1998-2001) 2000 20V<br \/>\nFIAT &#8211; 1L BRAVO G.98 (1998-2001) 1910 TD (75 CV) \/ 1910 TD (100 CV)<br \/>\nFIAT &#8211; 1L BRAVO G.98 (1998-2001) 1910 JTD CF2 (105 CV) \/ 1910 JTD CF3<br \/>\nFIAT &#8211; PC COUPE&#8217; (1994-1996) 1750 16V CEE F2<br \/>\nFIAT &#8211; PX COUPE&#8217; GAMMA&#8217;96 (1996-2000) 1750 16V ASP.<br \/>\nFIAT &#8211; PT MAREA BENZINA (1996-1999) 1580 16V 103CV (75 KW) \/ MOTOR 1580 BIPOWER<br \/>\nFIAT &#8211; PT MAREA BENZINA (1996-1999) 1800<br \/>\nFIAT &#8211; PT MAREA BENZINA (1996-1999) 2000 \/ 2000 BRASIL (182A1.011)<br \/>\nFIAT &#8211; 1Q MAREA BZ GAMMA&#8217;99 (1999-2002) 1600 16V CF2 (182A4000) \/ 1600 DECAT. \/ 1600 BI-POWER<br \/>\nFIAT &#8211; 1Q MAREA BZ GAMMA&#8217;99 (1999-2002) 1800 16V<br \/>\nFIAT &#8211; 1Q MAREA BZ GAMMA&#8217;99 (1999-2002) 2000 20V CF2 \/ 2000 20V CF3<br \/>\nFIAT &#8211; PU MAREA DIESEL (1996-1999) 1910 TD (100CV) \/ 1910 TD SOFT (75CV)<br \/>\nFIAT &#8211; PU MAREA DIESEL (1996-1999) 2400 TD<br \/>\nFIAT &#8211; 1R MAREA DS GAMMA&#8217;99 (1999-2002) 1910 JTD CF2 105CV \/ 2400 JTD CF2 136CV \/ 1910 JTD CF3 110CV \/ 1910 JTD CF3 100 CV<br \/>\nFIAT &#8211; 1R MAREA DS GAMMA&#8217;99 (1999-2002) 1910 TD 75CV<br \/>\nLANCIA &#8211; SL DEDRA FL.94 1580 (1994-1999) 1580 MPI 16V<br \/>\nLANCIA &#8211; SL DEDRA FL.94 1750 (1994-1999) 1750 16V CEE F2 115CV<br \/>\nLANCIA &#8211; SM DEDRA FL.94 1750-2.0 (1994-1999) SEDAN LX 4X2 \/ S.W. LX 4X2<br \/>\nLANCIA &#8211; SM DEDRA FL.94 1750-2.0 (1994-1999) S.W. LS 4X2 \/ BN LS 4X2 \/ BN. &#8217;98 \/ S.W. &#8217;98<br \/>\nLANCIA &#8211; SX LYBRA BZ (1999-2005) 1580 16V CF2<br \/>\nLANCIA &#8211; SX LYBRA BZ (1999-2005) 1.8 16V CF2 \/ 1.8 16V CF3 \/ 1.8 16V CF4<br \/>\nLANCIA &#8211; SX LYBRA BZ (1999-2005) 2.0 20V CF2 \/ 2.0 20V CF3<br \/>\nLANCIA &#8211; SX LYBRA BZ (1999-2005) 2.0 20V CF2 \/ CAMBIO AUTOMATICO<br \/>\nLANCIA &#8211; SX LYBRA BZ (1999-2005) 2.4 20V CF3<br \/>\nLANCIA &#8211; SY LYBRA DS (1999-2005)<br \/>\nLANCIA &#8211; SF N.DELTA 1600 (1993-1999) 1580 CEE F2 16V 103CV \/ 1580 CEE F2 16V 90CV<br \/>\nLANCIA &#8211; SF N.DELTA 1800(1993-1999) 1750 CEE F2 16V 115CV<br \/>\nLANCIA &#8211; SG N.DELTA 1750 132CV (&#8217;93-&#8217;99) 1750 16V 132CV<\/p>\n<p>LA PIEZA ES NUEVA Y ORIGINAL.<\/p>\n","protected":false},"excerpt":{"rendered":"<p>Dep\u00f3sito del l\u00edquido de la cremallera de servodirecci\u00f3n de: FIAT &#8211; 1V BRAVA (1995-1998) 1580 MPI 16V 103CV \/ 1580 MPI 16V 90CV \/ 1580 MPI 16V EM 04 \/ 1800 MPI 16V \/ 1910 TB\/DS 100CV \/ 1910 TB\/DS 75CV FIAT &#8211; 1M BRAVA G.98 (1998-2001) 1600 16V \/ 1600 16V EM.04 FIAT &#8211; [&hellip;]<\/p>\n","protected":false},"featured_media":99789,"template":"","meta":{"_seopress_robots_primary_cat":"","_seopress_titles_title":"","_seopress_titles_desc":"","_seopress_robots_index":""},"product_cat":[81,82,85,117,118,20,21,120,95],"product_tag":[],"class_list":{"0":"post-99784","1":"product","2":"type-product","3":"status-publish","4":"has-post-thumbnail","6":"product_cat-recambios-fiat-brava","7":"product_cat-recambios-fiat-bravo","8":"product_cat-recambios-fiat-coupe","9":"product_cat-recambios-lancia-dedra","10":"product_cat-recambios-lancia-delta","11":"product_cat-recambios-fiat","12":"product_cat-recambios-lancia","13":"product_cat-recambios-lancia-lybra","14":"product_cat-recambios-fiat-marea","16":"first","17":"outofstock","18":"taxable","19":"shipping-taxable","20":"purchasable","21":"product-type-simple"},"_links":{"self":[{"href":"https:\/\/galicianparts.com\/shop\/wp-json\/wp\/v2\/product\/99784"}],"collection":[{"href":"https:\/\/galicianparts.com\/shop\/wp-json\/wp\/v2\/product"}],"about":[{"href":"https:\/\/galicianparts.com\/shop\/wp-json\/wp\/v2\/types\/product"}],"wp:featuredmedia":[{"embeddable":true,"href":"https:\/\/galicianparts.com\/shop\/wp-json\/wp\/v2\/media\/99789"}],"wp:attachment":[{"href":"https:\/\/galicianparts.com\/shop\/wp-json\/wp\/v2\/media?parent=99784"}],"wp:term":[{"taxonomy":"product_cat","embeddable":true,"href":"https:\/\/galicianparts.com\/shop\/wp-json\/wp\/v2\/product_cat?post=99784"},{"taxonomy":"product_tag","embeddable":true,"href":"https:\/\/galicianparts.com\/shop\/wp-json\/wp\/v2\/product_tag?post=99784"}],"curies":[{"name":"wp","href":"https:\/\/api.w.org\/{rel}","templated":true}]}}